{"id":1958,"date":"2017-01-31T14:48:12","date_gmt":"2017-01-31T12:48:12","guid":{"rendered":"https:\/\/www.grupolagunes.com\/ursprung-gruppe-lagunes\/"},"modified":"2017-10-26T11:21:04","modified_gmt":"2017-10-26T09:21:04","slug":"ursprung-gruppe-lagunes","status":"publish","type":"page","link":"https:\/\/www.grupolagunes.com\/de\/ursprung-gruppe-lagunes\/","title":{"rendered":"Ursprung"},"content":{"rendered":"\t\t<div data-elementor-type=\"wp-page\" data-elementor-id=\"1958\" class=\"elementor elementor-1958 elementor-18 elementor-bc-flex-widget\">\n\t\t\t\t\t\t<div class=\"elementor-inner\">\n\t\t\t\t<div class=\"elementor-section-wrap\">\n\t\t\t\t\t\t\t\t\t<section class=\"elementor-section elementor-top-section elementor-element elementor-element-gosrwh6 elementor-section-full_width elementor-section-height-default elementor-section-height-default\" data-id=\"gosrwh6\" data-element_type=\"section\" data-settings=\"{&quot;background_background&quot;:&quot;none&quot;}\">\n\t\t\t\t\t\t<div class=\"elementor-container elementor-column-gap-no\">\n\t\t\t\t\t\t\t<div class=\"elementor-row\">\n\t\t\t\t\t<div class=\"elementor-column elementor-col-100 elementor-top-column elementor-element elementor-element-62otv8b\" data-id=\"62otv8b\" data-element_type=\"column\">\n\t\t\t<div class=\"elementor-column-wrap elementor-element-populated\">\n\t\t\t\t\t\t\t<div class=\"elementor-widget-wrap\">\n\t\t\t\t\t\t<div class=\"elementor-element elementor-element-cpbosfx elementor-widget elementor-widget-image\" data-id=\"cpbosfx\" data-element_type=\"widget\" data-widget_type=\"image.default\">\n\t\t\t\t<div class=\"elementor-widget-container\">\n\t\t\t\t\t\t\t\t<div class=\"elementor-image\">\n\t\t\t\t\t\t\t\t\t\t\t\t<img width=\"2000\" height=\"691\" src=\"https:\/\/www.grupolagunes.com\/wp-content\/uploads\/2017\/01\/grupo-lagunes-origen.jpg\" class=\"attachment-full size-full\" alt=\"Or\u00edgenes de Grupo Lagunes\" loading=\"lazy\" srcset=\"https:\/\/www.grupolagunes.com\/wp-content\/uploads\/2017\/01\/grupo-lagunes-origen.jpg 2000w, https:\/\/www.grupolagunes.com\/wp-content\/uploads\/2017\/01\/grupo-lagunes-origen-300x104.jpg 300w, https:\/\/www.grupolagunes.com\/wp-content\/uploads\/2017\/01\/grupo-lagunes-origen-768x265.jpg 768w, https:\/\/www.grupolagunes.com\/wp-content\/uploads\/2017\/01\/grupo-lagunes-origen-1024x354.jpg 1024w\" sizes=\"(max-width: 2000px) 100vw, 2000px\" \/>\t\t\t\t\t\t\t\t\t\t\t\t\t\t<\/div>\n\t\t\t\t\t\t<\/div>\n\t\t\t\t<\/div>\n\t\t\t\t\t\t<\/div>\n\t\t\t\t\t<\/div>\n\t\t<\/div>\n\t\t\t\t\t\t\t\t<\/div>\n\t\t\t\t\t<\/div>\n\t\t<\/section>\n\t\t\t\t<section class=\"elementor-section elementor-top-section elementor-element elementor-element-wxi7krz elementor-section-boxed elementor-section-height-default elementor-section-height-default\" data-id=\"wxi7krz\" data-element_type=\"section\">\n\t\t\t\t\t\t<div class=\"elementor-container elementor-column-gap-default\">\n\t\t\t\t\t\t\t<div class=\"elementor-row\">\n\t\t\t\t\t<div class=\"elementor-column elementor-col-100 elementor-top-column elementor-element elementor-element-o8s018s\" data-id=\"o8s018s\" data-element_type=\"column\">\n\t\t\t<div class=\"elementor-column-wrap elementor-element-populated\">\n\t\t\t\t\t\t\t<div class=\"elementor-widget-wrap\">\n\t\t\t\t\t\t<div class=\"elementor-element elementor-element-vjsnikk elementor-widget elementor-widget-heading\" data-id=\"vjsnikk\" data-element_type=\"widget\" data-widget_type=\"heading.default\">\n\t\t\t\t<div class=\"elementor-widget-container\">\n\t\t\t<h1 class=\"elementor-heading-title elementor-size-default\">Ursprung der Gruppe Lagunes<\/h1>\t\t<\/div>\n\t\t\t\t<\/div>\n\t\t\t\t\t\t<\/div>\n\t\t\t\t\t<\/div>\n\t\t<\/div>\n\t\t\t\t\t\t\t\t<\/div>\n\t\t\t\t\t<\/div>\n\t\t<\/section>\n\t\t\t\t<section class=\"elementor-section elementor-top-section elementor-element elementor-element-fkrp01t elementor-section-boxed elementor-section-height-default elementor-section-height-default\" data-id=\"fkrp01t\" data-element_type=\"section\">\n\t\t\t\t\t\t<div class=\"elementor-container elementor-column-gap-default\">\n\t\t\t\t\t\t\t<div class=\"elementor-row\">\n\t\t\t\t\t<div class=\"elementor-column elementor-col-100 elementor-top-column elementor-element elementor-element-vhjqj3o\" data-id=\"vhjqj3o\" data-element_type=\"column\">\n\t\t\t<div class=\"elementor-column-wrap elementor-element-populated\">\n\t\t\t\t\t\t\t<div class=\"elementor-widget-wrap\">\n\t\t\t\t\t\t<div class=\"elementor-element elementor-element-hpfl951 elementor-widget elementor-widget-text-editor\" data-id=\"hpfl951\" data-element_type=\"widget\" data-widget_type=\"text-editor.default\">\n\t\t\t\t<div class=\"elementor-widget-container\">\n\t\t\t\t\t\t\t\t<div class=\"elementor-text-editor elementor-clearfix\">\n\t\t\t\tDie Lagunes Gruppe ist ein Zusammenschluss von Unternehmen, die in f\u00fcnfter Generation der Landwirtschaft und Viehzucht verbunden sind. Die Lagunes Gruppe hat verschiedene Produktionszweige entwickelt, die das Beste und Erlesenste der spanischen Tradition und Gastronomie repr\u00e4sentieren. Hierzu verf\u00fcgt sie \u00fcber mehrere landwirtschaftliche G\u00fcter, die sich in strategisch wichtigen Zonen im Zentrum und im S\u00fcden von Spanien befinden:\t\t\t\t\t<\/div>\n\t\t\t\t\t\t<\/div>\n\t\t\t\t<\/div>\n\t\t\t\t\t\t<\/div>\n\t\t\t\t\t<\/div>\n\t\t<\/div>\n\t\t\t\t\t\t\t\t<\/div>\n\t\t\t\t\t<\/div>\n\t\t<\/section>\n\t\t\t\t<section class=\"elementor-section elementor-top-section elementor-element elementor-element-2wd9u5a elementor-reverse-mobile elementor-section-boxed elementor-section-height-default elementor-section-height-default\" data-id=\"2wd9u5a\" data-element_type=\"section\">\n\t\t\t\t\t\t<div class=\"elementor-container elementor-column-gap-default\">\n\t\t\t\t\t\t\t<div class=\"elementor-row\">\n\t\t\t\t\t<div class=\"elementor-column elementor-col-50 elementor-top-column elementor-element elementor-element-yjttm3c\" data-id=\"yjttm3c\" data-element_type=\"column\">\n\t\t\t<div class=\"elementor-column-wrap elementor-element-populated\">\n\t\t\t\t\t\t\t<div class=\"elementor-widget-wrap\">\n\t\t\t\t\t\t<div class=\"elementor-element elementor-element-aflrfmr elementor-widget elementor-widget-heading\" data-id=\"aflrfmr\" data-element_type=\"widget\" data-widget_type=\"heading.default\">\n\t\t\t\t<div class=\"elementor-widget-container\">\n\t\t\t<h3 class=\"elementor-heading-title elementor-size-default\">Finca Lagunes<\/h3>\t\t<\/div>\n\t\t\t\t<\/div>\n\t\t\t\t<div class=\"elementor-element elementor-element-l4w8eyg elementor-widget-divider--view-line elementor-widget elementor-widget-divider\" data-id=\"l4w8eyg\" data-element_type=\"widget\" data-widget_type=\"divider.default\">\n\t\t\t\t<div class=\"elementor-widget-container\">\n\t\t\t\t\t<div class=\"elementor-divider\">\n\t\t\t<span class=\"elementor-divider-separator\">\n\t\t\t\t\t\t<\/span>\n\t\t<\/div>\n\t\t\t\t<\/div>\n\t\t\t\t<\/div>\n\t\t\t\t<div class=\"elementor-element elementor-element-6tf73dh elementor-widget elementor-widget-text-editor\" data-id=\"6tf73dh\" data-element_type=\"widget\" data-widget_type=\"text-editor.default\">\n\t\t\t\t<div class=\"elementor-widget-container\">\n\t\t\t\t\t\t\t\t<div class=\"elementor-text-editor elementor-clearfix\">\n\t\t\t\tDieses Gut liegt im Tal von Alcudia, dass auf Grund der Qualit\u00e4t seiner Weiden traditionell im Winter der gr\u00f6\u00dfte Sammelpunkt von Rindern in ganz Europa ist.\r\n\r\nIn der \u201efinca Lagunes&#8220;, die auch der Ursprung unseres Markennamens ist, werden unsere Iberischen Hirsche gez\u00fcchtet und unter dem Namen &#8222;Lagunes Selecci\u00f3n Gen\u00e9tica&#8220; vermarktet.\r\n\r\nEin bedeutender Teil der gr\u00f6\u00dften Hirsche unseres Landes haben ihren Ursprung in der Genetik von Lagunes. Die Hauptm\u00e4rkte sind Spanien und Portugal.\t\t\t\t\t<\/div>\n\t\t\t\t\t\t<\/div>\n\t\t\t\t<\/div>\n\t\t\t\t\t\t<\/div>\n\t\t\t\t\t<\/div>\n\t\t<\/div>\n\t\t\t\t<div class=\"elementor-column elementor-col-50 elementor-top-column elementor-element elementor-element-obiohps\" data-id=\"obiohps\" data-element_type=\"column\">\n\t\t\t<div class=\"elementor-column-wrap elementor-element-populated\">\n\t\t\t\t\t\t\t<div class=\"elementor-widget-wrap\">\n\t\t\t\t\t\t<div class=\"elementor-element elementor-element-y2rrwtu elementor-widget elementor-widget-image\" data-id=\"y2rrwtu\" data-element_type=\"widget\" data-widget_type=\"image.default\">\n\t\t\t\t<div class=\"elementor-widget-container\">\n\t\t\t\t\t\t\t\t<div class=\"elementor-image\">\n\t\t\t\t\t\t\t\t\t\t\t\t<img src=\"https:\/\/www.grupolagunes.com\/wp-content\/uploads\/elementor\/thumbs\/finca-lagunes-bg-n91mw6ysv644dsp9mbez1e49q112zbk534pvy9fsdw.png\" title=\"Finca Lagunes\" alt=\"Finca Lagunes\" \/>\t\t\t\t\t\t\t\t\t\t\t\t\t\t<\/div>\n\t\t\t\t\t\t<\/div>\n\t\t\t\t<\/div>\n\t\t\t\t\t\t<\/div>\n\t\t\t\t\t<\/div>\n\t\t<\/div>\n\t\t\t\t\t\t\t\t<\/div>\n\t\t\t\t\t<\/div>\n\t\t<\/section>\n\t\t\t\t<section class=\"elementor-section elementor-top-section elementor-element elementor-element-a5anf96 elementor-section-boxed elementor-section-height-default elementor-section-height-default\" data-id=\"a5anf96\" data-element_type=\"section\">\n\t\t\t\t\t\t<div class=\"elementor-container elementor-column-gap-default\">\n\t\t\t\t\t\t\t<div class=\"elementor-row\">\n\t\t\t\t\t<div class=\"elementor-column elementor-col-50 elementor-top-column elementor-element elementor-element-vd43pxe\" data-id=\"vd43pxe\" data-element_type=\"column\">\n\t\t\t<div class=\"elementor-column-wrap elementor-element-populated\">\n\t\t\t\t\t\t\t<div class=\"elementor-widget-wrap\">\n\t\t\t\t\t\t<div class=\"elementor-element elementor-element-mv6t52s elementor-widget elementor-widget-image\" data-id=\"mv6t52s\" data-element_type=\"widget\" data-widget_type=\"image.default\">\n\t\t\t\t<div class=\"elementor-widget-container\">\n\t\t\t\t\t\t\t\t<div class=\"elementor-image\">\n\t\t\t\t\t\t\t\t\t\t\t\t<img src=\"https:\/\/www.grupolagunes.com\/wp-content\/uploads\/elementor\/thumbs\/finca-tejoneras-bg-n91mw29n98j1bwmmfeobki141pqvbi33eq4jl7tw2g.png\" title=\"Finca Tejoneras\" alt=\"Finca Tejoneras\" \/>\t\t\t\t\t\t\t\t\t\t\t\t\t\t<\/div>\n\t\t\t\t\t\t<\/div>\n\t\t\t\t<\/div>\n\t\t\t\t\t\t<\/div>\n\t\t\t\t\t<\/div>\n\t\t<\/div>\n\t\t\t\t<div class=\"elementor-column elementor-col-50 elementor-top-column elementor-element elementor-element-x6fbw4y\" data-id=\"x6fbw4y\" data-element_type=\"column\">\n\t\t\t<div class=\"elementor-column-wrap elementor-element-populated\">\n\t\t\t\t\t\t\t<div class=\"elementor-widget-wrap\">\n\t\t\t\t\t\t<div class=\"elementor-element elementor-element-5xcrifm elementor-widget elementor-widget-heading\" data-id=\"5xcrifm\" data-element_type=\"widget\" data-widget_type=\"heading.default\">\n\t\t\t\t<div class=\"elementor-widget-container\">\n\t\t\t<h3 class=\"elementor-heading-title elementor-size-default\">Finca Tejoneras<\/h3>\t\t<\/div>\n\t\t\t\t<\/div>\n\t\t\t\t<div class=\"elementor-element elementor-element-50oq2wk elementor-widget-divider--view-line elementor-widget elementor-widget-divider\" data-id=\"50oq2wk\" data-element_type=\"widget\" data-widget_type=\"divider.default\">\n\t\t\t\t<div class=\"elementor-widget-container\">\n\t\t\t\t\t<div class=\"elementor-divider\">\n\t\t\t<span class=\"elementor-divider-separator\">\n\t\t\t\t\t\t<\/span>\n\t\t<\/div>\n\t\t\t\t<\/div>\n\t\t\t\t<\/div>\n\t\t\t\t<div class=\"elementor-element elementor-element-d8lwctr elementor-widget elementor-widget-text-editor\" data-id=\"d8lwctr\" data-element_type=\"widget\" data-widget_type=\"text-editor.default\">\n\t\t\t\t<div class=\"elementor-widget-container\">\n\t\t\t\t\t\t\t\t<div class=\"elementor-text-editor elementor-clearfix\">\n\t\t\t\tIm Tal Pedroches in der Provinz Cordoba findet man umfangreichsten und am besten erhaltenen Steineiche Europas. Das Tal ist ein authentisches Naturparadies, das von den Arabern als <em>Fhas al-Ballut<\/em> getauft wurde: das Tal der Eicheln. In diesem Gut werden unsere iberischen Schweine gez\u00fcchtet und mit Eicheln gem\u00e4stet. Hier werden auch unsere K\u00e4lber f\u00fcr die sp\u00e4tere Vermarktung in den erlesensten Gastst\u00e4tten unseres Landes gez\u00fcchtet. Ebenso grasen hier in unserem Gest\u00fct die Pferde der Rassen \u201ePura Raza Espa\u00f1ola\u201c und \u201eCartujana\u201c.\t\t\t\t\t<\/div>\n\t\t\t\t\t\t<\/div>\n\t\t\t\t<\/div>\n\t\t\t\t\t\t<\/div>\n\t\t\t\t\t<\/div>\n\t\t<\/div>\n\t\t\t\t\t\t\t\t<\/div>\n\t\t\t\t\t<\/div>\n\t\t<\/section>\n\t\t\t\t<section class=\"elementor-section elementor-top-section elementor-element elementor-element-g43gomv elementor-reverse-mobile elementor-section-boxed elementor-section-height-default elementor-section-height-default\" data-id=\"g43gomv\" data-element_type=\"section\">\n\t\t\t\t\t\t<div class=\"elementor-container elementor-column-gap-default\">\n\t\t\t\t\t\t\t<div class=\"elementor-row\">\n\t\t\t\t\t<div class=\"elementor-column elementor-col-50 elementor-top-column elementor-element elementor-element-99uddfj\" data-id=\"99uddfj\" data-element_type=\"column\">\n\t\t\t<div class=\"elementor-column-wrap elementor-element-populated\">\n\t\t\t\t\t\t\t<div class=\"elementor-widget-wrap\">\n\t\t\t\t\t\t<div class=\"elementor-element elementor-element-7xlknd3 elementor-widget elementor-widget-heading\" data-id=\"7xlknd3\" data-element_type=\"widget\" data-widget_type=\"heading.default\">\n\t\t\t\t<div class=\"elementor-widget-container\">\n\t\t\t<h3 class=\"elementor-heading-title elementor-size-default\">Finca El Alguacilillo<\/h3>\t\t<\/div>\n\t\t\t\t<\/div>\n\t\t\t\t<div class=\"elementor-element elementor-element-hn9sp1o elementor-widget-divider--view-line elementor-widget elementor-widget-divider\" data-id=\"hn9sp1o\" data-element_type=\"widget\" data-widget_type=\"divider.default\">\n\t\t\t\t<div class=\"elementor-widget-container\">\n\t\t\t\t\t<div class=\"elementor-divider\">\n\t\t\t<span class=\"elementor-divider-separator\">\n\t\t\t\t\t\t<\/span>\n\t\t<\/div>\n\t\t\t\t<\/div>\n\t\t\t\t<\/div>\n\t\t\t\t<div class=\"elementor-element elementor-element-qeyrs0n elementor-widget elementor-widget-text-editor\" data-id=\"qeyrs0n\" data-element_type=\"widget\" data-widget_type=\"text-editor.default\">\n\t\t\t\t<div class=\"elementor-widget-container\">\n\t\t\t\t\t\t\t\t<div class=\"elementor-text-editor elementor-clearfix\">\n\t\t\t\tIm Tal des Guadalquivir, im Herzen Cordobas, befindet sich unser Olivenhain \u201eEl Alguacilillo&#8220;, wo die Sorten \u201earbequina\u201d, \u201epicual\u201d und \u201ehojiblanca\u201c angebaut werden. Die Klimatologie mit trockenen und hei\u00dfen Sommern und kalten Wintern sowie die Typologie tiefer B\u00f6den mit Toneinlagerungen auf einer H\u00f6he von 300 Metern, machen dieses Tal zu einem privilegierten Standort f\u00fcr den Anbau dieses Baumes.\t\t\t\t\t<\/div>\n\t\t\t\t\t\t<\/div>\n\t\t\t\t<\/div>\n\t\t\t\t\t\t<\/div>\n\t\t\t\t\t<\/div>\n\t\t<\/div>\n\t\t\t\t<div class=\"elementor-column elementor-col-50 elementor-top-column elementor-element elementor-element-mixudgs\" data-id=\"mixudgs\" data-element_type=\"column\">\n\t\t\t<div class=\"elementor-column-wrap elementor-element-populated\">\n\t\t\t\t\t\t\t<div class=\"elementor-widget-wrap\">\n\t\t\t\t\t\t<div class=\"elementor-element elementor-element-6319mtv elementor-widget elementor-widget-image\" data-id=\"6319mtv\" data-element_type=\"widget\" data-widget_type=\"image.default\">\n\t\t\t\t<div class=\"elementor-widget-container\">\n\t\t\t\t\t\t\t\t<div class=\"elementor-image\">\n\t\t\t\t\t\t\t\t\t\t\t\t<img src=\"https:\/\/www.grupolagunes.com\/wp-content\/uploads\/elementor\/thumbs\/finca-alguacilillo-bg-n91mvxkgju3ry4zc7f2xftth7hjiq6tcdqol0itb8a.png\" title=\"Finca El Alguacilillo\" alt=\"Finca El Alguacilillo\" \/>\t\t\t\t\t\t\t\t\t\t\t\t\t\t<\/div>\n\t\t\t\t\t\t<\/div>\n\t\t\t\t<\/div>\n\t\t\t\t\t\t<\/div>\n\t\t\t\t\t<\/div>\n\t\t<\/div>\n\t\t\t\t\t\t\t\t<\/div>\n\t\t\t\t\t<\/div>\n\t\t<\/section>\n\t\t\t\t<section class=\"elementor-section elementor-top-section elementor-element elementor-element-syqs1x9 elementor-section-boxed elementor-section-height-default elementor-section-height-default\" data-id=\"syqs1x9\" data-element_type=\"section\">\n\t\t\t\t\t\t<div class=\"elementor-container elementor-column-gap-default\">\n\t\t\t\t\t\t\t<div class=\"elementor-row\">\n\t\t\t\t\t<div class=\"elementor-column elementor-col-100 elementor-top-column elementor-element elementor-element-irqx7w7\" data-id=\"irqx7w7\" data-element_type=\"column\">\n\t\t\t<div class=\"elementor-column-wrap elementor-element-populated\">\n\t\t\t\t\t\t\t<div class=\"elementor-widget-wrap\">\n\t\t\t\t\t\t<div class=\"elementor-element elementor-element-lnll6we elementor-widget elementor-widget-heading\" data-id=\"lnll6we\" data-element_type=\"widget\" data-widget_type=\"heading.default\">\n\t\t\t\t<div class=\"elementor-widget-container\">\n\t\t\t<h4 class=\"elementor-heading-title elementor-size-default\">IN ALLEN UNSEREN BETRIEBEN LEBEN IN PERFEKTER HARMONIE DIE TRADITION UND DIE ERFAHRUNG AUS MEHREREN FAMILIENGENERATIONEN ZUSAMMEN UND WERDEN MIT DEN MODERNSTEN HERSTELLUNGSTECHNIKEN VERBUNDEN.<\/h4>\t\t<\/div>\n\t\t\t\t<\/div>\n\t\t\t\t\t\t<\/div>\n\t\t\t\t\t<\/div>\n\t\t<\/div>\n\t\t\t\t\t\t\t\t<\/div>\n\t\t\t\t\t<\/div>\n\t\t<\/section>\n\t\t\t\t\t\t\t\t\t<\/div>\n\t\t\t<\/div>\n\t\t\t\t\t<\/div>\n\t\t","protected":false},"excerpt":{"rendered":"","protected":false},"author":1,"featured_media":0,"parent":0,"menu_order":0,"comment_status":"closed","ping_status":"closed","template":"","meta":{"generate_page_header":""},"yoast_head":"<!-- This site is optimized with the Yoast SEO plugin v16.0.2 - https:\/\/yoast.com\/wordpress\/plugins\/seo\/ -->\n<title>Ursprung der Gruppe Lagunes | Grupo Lagunes<\/title>\n<meta name=\"description\" content=\"Um die Uhrspr\u00fcnge von Lagunes kennen zu lernen muss man 5 Generationen Zur\u00fcckschauen, die sich an Agrar und Viezucht gewidemt haben. Mehrere Farmen in Eigenbesitz.\" \/>\n<link rel=\"canonical\" href=\"https:\/\/www.grupolagunes.com\/de\/ursprung-gruppe-lagunes\/\" \/>\n<meta property=\"og:locale\" content=\"de_DE\" \/>\n<meta property=\"og:type\" content=\"article\" \/>\n<meta property=\"og:title\" content=\"Ursprung der Gruppe Lagunes | Grupo Lagunes\" \/>\n<meta property=\"og:description\" content=\"Um die Uhrspr\u00fcnge von Lagunes kennen zu lernen muss man 5 Generationen Zur\u00fcckschauen, die sich an Agrar und Viezucht gewidemt haben. Mehrere Farmen in Eigenbesitz.\" \/>\n<meta property=\"og:url\" content=\"https:\/\/www.grupolagunes.com\/de\/ursprung-gruppe-lagunes\/\" \/>\n<meta property=\"og:site_name\" content=\"Grupo Lagunes\" \/>\n<meta property=\"article:modified_time\" content=\"2017-10-26T09:21:04+00:00\" \/>\n<meta name=\"twitter:card\" content=\"summary\" \/>\n<script type=\"application\/ld+json\" class=\"yoast-schema-graph\">{\"@context\":\"https:\/\/schema.org\",\"@graph\":[{\"@type\":\"WebSite\",\"@id\":\"https:\/\/www.grupolagunes.com\/#website\",\"url\":\"https:\/\/www.grupolagunes.com\/\",\"name\":\"Grupo Lagunes\",\"description\":\"Grupo Lagunes. Cinco generaciones vinculadas a la naturaleza y dedicados a la selecci\\u00f3n gen\\u00e9tica de ciervo y producto gourmet.\",\"potentialAction\":[{\"@type\":\"SearchAction\",\"target\":\"https:\/\/www.grupolagunes.com\/?s={search_term_string}\",\"query-input\":\"required name=search_term_string\"}],\"inLanguage\":\"de\"},{\"@type\":\"WebPage\",\"@id\":\"https:\/\/www.grupolagunes.com\/de\/ursprung-gruppe-lagunes\/#webpage\",\"url\":\"https:\/\/www.grupolagunes.com\/de\/ursprung-gruppe-lagunes\/\",\"name\":\"Ursprung der Gruppe Lagunes | Grupo Lagunes\",\"isPartOf\":{\"@id\":\"https:\/\/www.grupolagunes.com\/#website\"},\"datePublished\":\"2017-01-31T12:48:12+00:00\",\"dateModified\":\"2017-10-26T09:21:04+00:00\",\"description\":\"Um die Uhrspr\\u00fcnge von Lagunes kennen zu lernen muss man 5 Generationen Zur\\u00fcckschauen, die sich an Agrar und Viezucht gewidemt haben. Mehrere Farmen in Eigenbesitz.\",\"breadcrumb\":{\"@id\":\"https:\/\/www.grupolagunes.com\/de\/ursprung-gruppe-lagunes\/#breadcrumb\"},\"inLanguage\":\"de\",\"potentialAction\":[{\"@type\":\"ReadAction\",\"target\":[\"https:\/\/www.grupolagunes.com\/de\/ursprung-gruppe-lagunes\/\"]}]},{\"@type\":\"BreadcrumbList\",\"@id\":\"https:\/\/www.grupolagunes.com\/de\/ursprung-gruppe-lagunes\/#breadcrumb\",\"itemListElement\":[{\"@type\":\"ListItem\",\"position\":1,\"item\":{\"@type\":\"WebPage\",\"@id\":\"https:\/\/www.grupolagunes.com\/de\/home\/\",\"url\":\"https:\/\/www.grupolagunes.com\/de\/home\/\",\"name\":\"Portada\"}},{\"@type\":\"ListItem\",\"position\":2,\"item\":{\"@type\":\"WebPage\",\"@id\":\"https:\/\/www.grupolagunes.com\/de\/ursprung-gruppe-lagunes\/\",\"url\":\"https:\/\/www.grupolagunes.com\/de\/ursprung-gruppe-lagunes\/\",\"name\":\"Ursprung\"}}]}]}<\/script>\n<!-- \/ Yoast SEO plugin. -->","_links":{"self":[{"href":"https:\/\/www.grupolagunes.com\/de\/wp-json\/wp\/v2\/pages\/1958"}],"collection":[{"href":"https:\/\/www.grupolagunes.com\/de\/wp-json\/wp\/v2\/pages"}],"about":[{"href":"https:\/\/www.grupolagunes.com\/de\/wp-json\/wp\/v2\/types\/page"}],"author":[{"embeddable":true,"href":"https:\/\/www.grupolagunes.com\/de\/wp-json\/wp\/v2\/users\/1"}],"replies":[{"embeddable":true,"href":"https:\/\/www.grupolagunes.com\/de\/wp-json\/wp\/v2\/comments?post=1958"}],"version-history":[{"count":1,"href":"https:\/\/www.grupolagunes.com\/de\/wp-json\/wp\/v2\/pages\/1958\/revisions"}],"predecessor-version":[{"id":2010,"href":"https:\/\/www.grupolagunes.com\/de\/wp-json\/wp\/v2\/pages\/1958\/revisions\/2010"}],"wp:attachment":[{"href":"https:\/\/www.grupolagunes.com\/de\/wp-json\/wp\/v2\/media?parent=1958"}],"curies":[{"name":"wp","href":"https:\/\/api.w.org\/{rel}","templated":true}]}}