{"id":2127,"date":"2017-05-25T12:21:13","date_gmt":"2017-05-25T10:21:13","guid":{"rendered":"https:\/\/www.grupolagunes.com\/genetic-selection-of-iberian-deer\/stallions-iberian-deer\/"},"modified":"2017-10-27T10:15:44","modified_gmt":"2017-10-27T08:15:44","slug":"stallions-iberian-deer","status":"publish","type":"page","link":"https:\/\/www.grupolagunes.com\/en\/genetic-selection-of-iberian-deer\/stallions-iberian-deer\/","title":{"rendered":"Stallions Deer"},"content":{"rendered":"\t\t<div data-elementor-type=\"wp-page\" data-elementor-id=\"2127\" class=\"elementor elementor-2127 elementor-1411 elementor-bc-flex-widget\">\n\t\t\t\t\t\t<div class=\"elementor-inner\">\n\t\t\t\t<div class=\"elementor-section-wrap\">\n\t\t\t\t\t\t\t\t\t<section class=\"elementor-section elementor-top-section elementor-element elementor-element-wxpuucf elementor-section-boxed elementor-section-height-default elementor-section-height-default\" data-id=\"wxpuucf\" data-element_type=\"section\">\n\t\t\t\t\t\t<div class=\"elementor-container elementor-column-gap-default\">\n\t\t\t\t\t\t\t<div class=\"elementor-row\">\n\t\t\t\t\t<div class=\"elementor-column elementor-col-100 elementor-top-column elementor-element elementor-element-xlfqgbo\" data-id=\"xlfqgbo\" data-element_type=\"column\">\n\t\t\t<div class=\"elementor-column-wrap elementor-element-populated\">\n\t\t\t\t\t\t\t<div class=\"elementor-widget-wrap\">\n\t\t\t\t\t\t<div class=\"elementor-element elementor-element-lixlrxt elementor-widget elementor-widget-heading\" data-id=\"lixlrxt\" data-element_type=\"widget\" data-widget_type=\"heading.default\">\n\t\t\t\t<div class=\"elementor-widget-container\">\n\t\t\t<h2 class=\"elementor-heading-title elementor-size-default\">Image gallery of stallions Iberian Deer<\/h2>\t\t<\/div>\n\t\t\t\t<\/div>\n\t\t\t\t\t\t<\/div>\n\t\t\t\t\t<\/div>\n\t\t<\/div>\n\t\t\t\t\t\t\t\t<\/div>\n\t\t\t\t\t<\/div>\n\t\t<\/section>\n\t\t\t\t<section class=\"elementor-section elementor-top-section elementor-element elementor-element-dovhiwe elementor-section-boxed elementor-section-height-default elementor-section-height-default\" data-id=\"dovhiwe\" data-element_type=\"section\">\n\t\t\t\t\t\t<div class=\"elementor-container elementor-column-gap-default\">\n\t\t\t\t\t\t\t<div class=\"elementor-row\">\n\t\t\t\t\t<div class=\"elementor-column elementor-col-100 elementor-top-column elementor-element elementor-element-raldfar\" data-id=\"raldfar\" data-element_type=\"column\">\n\t\t\t<div class=\"elementor-column-wrap elementor-element-populated\">\n\t\t\t\t\t\t\t<div class=\"elementor-widget-wrap\">\n\t\t\t\t\t\t<div class=\"elementor-element elementor-element-uhftlgr elementor-widget elementor-widget-image-gallery\" data-id=\"uhftlgr\" data-element_type=\"widget\" data-widget_type=\"image-gallery.default\">\n\t\t\t\t<div class=\"elementor-widget-container\">\n\t\t\t\t\t<div class=\"elementor-image-gallery\">\n\t\t\t<div id='gallery-1' class='gallery galleryid-2127 gallery-columns-3 gallery-size-full'><figure class='gallery-item'>\n\t\t\t<div class='gallery-icon landscape'>\n\t\t\t\t<a data-elementor-open-lightbox=\"yes\" data-elementor-lightbox-slideshow=\"uhftlgr\" data-elementor-lightbox-title=\"Lagunes ciervos sementales\" e-action-hash=\"#elementor-action%3Aaction%3Dlightbox%26settings%3DeyJpZCI6MjEwNiwidXJsIjoiaHR0cHM6XC9cL3d3dy5ncnVwb2xhZ3VuZXMuY29tXC93cC1jb250ZW50XC91cGxvYWRzXC8yMDE3XC8wNVwvbGFndW5lc19jaWVydm9zX3NlbWVudGFsZXNfMDEuanBnIiwic2xpZGVzaG93IjoidWhmdGxnciJ9\" href='https:\/\/www.grupolagunes.com\/wp-content\/uploads\/2017\/05\/lagunes_ciervos_sementales_01.jpg'><img width=\"1000\" height=\"667\" src=\"https:\/\/www.grupolagunes.com\/wp-content\/uploads\/2017\/05\/lagunes_ciervos_sementales_01.jpg\" class=\"attachment-full size-full\" alt=\"\" loading=\"lazy\" srcset=\"https:\/\/www.grupolagunes.com\/wp-content\/uploads\/2017\/05\/lagunes_ciervos_sementales_01.jpg 1000w, https:\/\/www.grupolagunes.com\/wp-content\/uploads\/2017\/05\/lagunes_ciervos_sementales_01-300x200.jpg 300w, https:\/\/www.grupolagunes.com\/wp-content\/uploads\/2017\/05\/lagunes_ciervos_sementales_01-768x512.jpg 768w\" sizes=\"(max-width: 1000px) 100vw, 1000px\" \/><\/a>\n\t\t\t<\/div><\/figure><figure class='gallery-item'>\n\t\t\t<div class='gallery-icon landscape'>\n\t\t\t\t<a data-elementor-open-lightbox=\"yes\" data-elementor-lightbox-slideshow=\"uhftlgr\" data-elementor-lightbox-title=\"Lagunes ciervos sementales\" e-action-hash=\"#elementor-action%3Aaction%3Dlightbox%26settings%3DeyJpZCI6MjEwNywidXJsIjoiaHR0cHM6XC9cL3d3dy5ncnVwb2xhZ3VuZXMuY29tXC93cC1jb250ZW50XC91cGxvYWRzXC8yMDE3XC8wNVwvbGFndW5lc19jaWVydm9zX3NlbWVudGFsZXNfMDIuanBnIiwic2xpZGVzaG93IjoidWhmdGxnciJ9\" href='https:\/\/www.grupolagunes.com\/wp-content\/uploads\/2017\/05\/lagunes_ciervos_sementales_02.jpg'><img width=\"1000\" height=\"667\" src=\"https:\/\/www.grupolagunes.com\/wp-content\/uploads\/2017\/05\/lagunes_ciervos_sementales_02.jpg\" class=\"attachment-full size-full\" alt=\"\" loading=\"lazy\" srcset=\"https:\/\/www.grupolagunes.com\/wp-content\/uploads\/2017\/05\/lagunes_ciervos_sementales_02.jpg 1000w, https:\/\/www.grupolagunes.com\/wp-content\/uploads\/2017\/05\/lagunes_ciervos_sementales_02-300x200.jpg 300w, https:\/\/www.grupolagunes.com\/wp-content\/uploads\/2017\/05\/lagunes_ciervos_sementales_02-768x512.jpg 768w\" sizes=\"(max-width: 1000px) 100vw, 1000px\" \/><\/a>\n\t\t\t<\/div><\/figure><figure class='gallery-item'>\n\t\t\t<div class='gallery-icon landscape'>\n\t\t\t\t<a data-elementor-open-lightbox=\"yes\" data-elementor-lightbox-slideshow=\"uhftlgr\" data-elementor-lightbox-title=\"Lagunes ciervos sementales\" e-action-hash=\"#elementor-action%3Aaction%3Dlightbox%26settings%3DeyJpZCI6MjEwOCwidXJsIjoiaHR0cHM6XC9cL3d3dy5ncnVwb2xhZ3VuZXMuY29tXC93cC1jb250ZW50XC91cGxvYWRzXC8yMDE3XC8wNVwvbGFndW5lc19jaWVydm9zX3NlbWVudGFsZXNfMDMuanBnIiwic2xpZGVzaG93IjoidWhmdGxnciJ9\" href='https:\/\/www.grupolagunes.com\/wp-content\/uploads\/2017\/05\/lagunes_ciervos_sementales_03.jpg'><img width=\"1000\" height=\"667\" src=\"https:\/\/www.grupolagunes.com\/wp-content\/uploads\/2017\/05\/lagunes_ciervos_sementales_03.jpg\" class=\"attachment-full size-full\" alt=\"\" loading=\"lazy\" srcset=\"https:\/\/www.grupolagunes.com\/wp-content\/uploads\/2017\/05\/lagunes_ciervos_sementales_03.jpg 1000w, https:\/\/www.grupolagunes.com\/wp-content\/uploads\/2017\/05\/lagunes_ciervos_sementales_03-300x200.jpg 300w, https:\/\/www.grupolagunes.com\/wp-content\/uploads\/2017\/05\/lagunes_ciervos_sementales_03-768x512.jpg 768w\" sizes=\"(max-width: 1000px) 100vw, 1000px\" \/><\/a>\n\t\t\t<\/div><\/figure><figure class='gallery-item'>\n\t\t\t<div class='gallery-icon landscape'>\n\t\t\t\t<a data-elementor-open-lightbox=\"yes\" data-elementor-lightbox-slideshow=\"uhftlgr\" data-elementor-lightbox-title=\"Lagunes ciervos sementales\" e-action-hash=\"#elementor-action%3Aaction%3Dlightbox%26settings%3DeyJpZCI6MjEwOSwidXJsIjoiaHR0cHM6XC9cL3d3dy5ncnVwb2xhZ3VuZXMuY29tXC93cC1jb250ZW50XC91cGxvYWRzXC8yMDE3XC8wNVwvbGFndW5lc19jaWVydm9zX3NlbWVudGFsZXNfMDYuanBnIiwic2xpZGVzaG93IjoidWhmdGxnciJ9\" href='https:\/\/www.grupolagunes.com\/wp-content\/uploads\/2017\/05\/lagunes_ciervos_sementales_06.jpg'><img width=\"1000\" height=\"667\" src=\"https:\/\/www.grupolagunes.com\/wp-content\/uploads\/2017\/05\/lagunes_ciervos_sementales_06.jpg\" class=\"attachment-full size-full\" alt=\"\" loading=\"lazy\" srcset=\"https:\/\/www.grupolagunes.com\/wp-content\/uploads\/2017\/05\/lagunes_ciervos_sementales_06.jpg 1000w, https:\/\/www.grupolagunes.com\/wp-content\/uploads\/2017\/05\/lagunes_ciervos_sementales_06-300x200.jpg 300w, https:\/\/www.grupolagunes.com\/wp-content\/uploads\/2017\/05\/lagunes_ciervos_sementales_06-768x512.jpg 768w\" sizes=\"(max-width: 1000px) 100vw, 1000px\" \/><\/a>\n\t\t\t<\/div><\/figure><figure class='gallery-item'>\n\t\t\t<div class='gallery-icon landscape'>\n\t\t\t\t<a data-elementor-open-lightbox=\"yes\" data-elementor-lightbox-slideshow=\"uhftlgr\" data-elementor-lightbox-title=\"Lagunes ciervos sementales\" e-action-hash=\"#elementor-action%3Aaction%3Dlightbox%26settings%3DeyJpZCI6MjExMCwidXJsIjoiaHR0cHM6XC9cL3d3dy5ncnVwb2xhZ3VuZXMuY29tXC93cC1jb250ZW50XC91cGxvYWRzXC8yMDE3XC8wNVwvbGFndW5lc19jaWVydm9zX3NlbWVudGFsZXNfMDkuanBnIiwic2xpZGVzaG93IjoidWhmdGxnciJ9\" href='https:\/\/www.grupolagunes.com\/wp-content\/uploads\/2017\/05\/lagunes_ciervos_sementales_09.jpg'><img width=\"1000\" height=\"667\" src=\"https:\/\/www.grupolagunes.com\/wp-content\/uploads\/2017\/05\/lagunes_ciervos_sementales_09.jpg\" class=\"attachment-full size-full\" alt=\"\" loading=\"lazy\" srcset=\"https:\/\/www.grupolagunes.com\/wp-content\/uploads\/2017\/05\/lagunes_ciervos_sementales_09.jpg 1000w, https:\/\/www.grupolagunes.com\/wp-content\/uploads\/2017\/05\/lagunes_ciervos_sementales_09-300x200.jpg 300w, https:\/\/www.grupolagunes.com\/wp-content\/uploads\/2017\/05\/lagunes_ciervos_sementales_09-768x512.jpg 768w\" sizes=\"(max-width: 1000px) 100vw, 1000px\" \/><\/a>\n\t\t\t<\/div><\/figure><figure class='gallery-item'>\n\t\t\t<div class='gallery-icon landscape'>\n\t\t\t\t<a data-elementor-open-lightbox=\"yes\" data-elementor-lightbox-slideshow=\"uhftlgr\" data-elementor-lightbox-title=\"Lagunes ciervos sementales\" e-action-hash=\"#elementor-action%3Aaction%3Dlightbox%26settings%3DeyJpZCI6MjExMSwidXJsIjoiaHR0cHM6XC9cL3d3dy5ncnVwb2xhZ3VuZXMuY29tXC93cC1jb250ZW50XC91cGxvYWRzXC8yMDE3XC8wNVwvbGFndW5lc19jaWVydm9zX3NlbWVudGFsZXNfMTAuanBnIiwic2xpZGVzaG93IjoidWhmdGxnciJ9\" href='https:\/\/www.grupolagunes.com\/wp-content\/uploads\/2017\/05\/lagunes_ciervos_sementales_10.jpg'><img width=\"1000\" height=\"667\" src=\"https:\/\/www.grupolagunes.com\/wp-content\/uploads\/2017\/05\/lagunes_ciervos_sementales_10.jpg\" class=\"attachment-full size-full\" alt=\"\" loading=\"lazy\" srcset=\"https:\/\/www.grupolagunes.com\/wp-content\/uploads\/2017\/05\/lagunes_ciervos_sementales_10.jpg 1000w, https:\/\/www.grupolagunes.com\/wp-content\/uploads\/2017\/05\/lagunes_ciervos_sementales_10-300x200.jpg 300w, https:\/\/www.grupolagunes.com\/wp-content\/uploads\/2017\/05\/lagunes_ciervos_sementales_10-768x512.jpg 768w\" sizes=\"(max-width: 1000px) 100vw, 1000px\" \/><\/a>\n\t\t\t<\/div><\/figure><figure class='gallery-item'>\n\t\t\t<div class='gallery-icon landscape'>\n\t\t\t\t<a data-elementor-open-lightbox=\"yes\" data-elementor-lightbox-slideshow=\"uhftlgr\" data-elementor-lightbox-title=\"Lagunes ciervos sementales\" e-action-hash=\"#elementor-action%3Aaction%3Dlightbox%26settings%3DeyJpZCI6MjExMiwidXJsIjoiaHR0cHM6XC9cL3d3dy5ncnVwb2xhZ3VuZXMuY29tXC93cC1jb250ZW50XC91cGxvYWRzXC8yMDE3XC8wNVwvbGFndW5lc19jaWVydm9zX3NlbWVudGFsZXNfMTEuanBnIiwic2xpZGVzaG93IjoidWhmdGxnciJ9\" href='https:\/\/www.grupolagunes.com\/wp-content\/uploads\/2017\/05\/lagunes_ciervos_sementales_11.jpg'><img width=\"1000\" height=\"672\" src=\"https:\/\/www.grupolagunes.com\/wp-content\/uploads\/2017\/05\/lagunes_ciervos_sementales_11.jpg\" class=\"attachment-full size-full\" alt=\"\" loading=\"lazy\" srcset=\"https:\/\/www.grupolagunes.com\/wp-content\/uploads\/2017\/05\/lagunes_ciervos_sementales_11.jpg 1000w, https:\/\/www.grupolagunes.com\/wp-content\/uploads\/2017\/05\/lagunes_ciervos_sementales_11-300x202.jpg 300w, https:\/\/www.grupolagunes.com\/wp-content\/uploads\/2017\/05\/lagunes_ciervos_sementales_11-768x516.jpg 768w\" sizes=\"(max-width: 1000px) 100vw, 1000px\" \/><\/a>\n\t\t\t<\/div><\/figure><figure class='gallery-item'>\n\t\t\t<div class='gallery-icon landscape'>\n\t\t\t\t<a data-elementor-open-lightbox=\"yes\" data-elementor-lightbox-slideshow=\"uhftlgr\" data-elementor-lightbox-title=\"Lagunes ciervos sementales\" e-action-hash=\"#elementor-action%3Aaction%3Dlightbox%26settings%3DeyJpZCI6MjExMywidXJsIjoiaHR0cHM6XC9cL3d3dy5ncnVwb2xhZ3VuZXMuY29tXC93cC1jb250ZW50XC91cGxvYWRzXC8yMDE3XC8wNVwvbGFndW5lc19jaWVydm9zX3NlbWVudGFsZXNfMTIuanBnIiwic2xpZGVzaG93IjoidWhmdGxnciJ9\" href='https:\/\/www.grupolagunes.com\/wp-content\/uploads\/2017\/05\/lagunes_ciervos_sementales_12.jpg'><img width=\"1000\" height=\"667\" src=\"https:\/\/www.grupolagunes.com\/wp-content\/uploads\/2017\/05\/lagunes_ciervos_sementales_12.jpg\" class=\"attachment-full size-full\" alt=\"\" loading=\"lazy\" srcset=\"https:\/\/www.grupolagunes.com\/wp-content\/uploads\/2017\/05\/lagunes_ciervos_sementales_12.jpg 1000w, https:\/\/www.grupolagunes.com\/wp-content\/uploads\/2017\/05\/lagunes_ciervos_sementales_12-300x200.jpg 300w, https:\/\/www.grupolagunes.com\/wp-content\/uploads\/2017\/05\/lagunes_ciervos_sementales_12-768x512.jpg 768w\" sizes=\"(max-width: 1000px) 100vw, 1000px\" \/><\/a>\n\t\t\t<\/div><\/figure><figure class='gallery-item'>\n\t\t\t<div class='gallery-icon landscape'>\n\t\t\t\t<a data-elementor-open-lightbox=\"yes\" data-elementor-lightbox-slideshow=\"uhftlgr\" data-elementor-lightbox-title=\"Lagunes ciervos sementales\" e-action-hash=\"#elementor-action%3Aaction%3Dlightbox%26settings%3DeyJpZCI6MjExNCwidXJsIjoiaHR0cHM6XC9cL3d3dy5ncnVwb2xhZ3VuZXMuY29tXC93cC1jb250ZW50XC91cGxvYWRzXC8yMDE3XC8wNVwvbGFndW5lc19jaWVydm9zX3NlbWVudGFsZXNfMTMuanBnIiwic2xpZGVzaG93IjoidWhmdGxnciJ9\" href='https:\/\/www.grupolagunes.com\/wp-content\/uploads\/2017\/05\/lagunes_ciervos_sementales_13.jpg'><img width=\"1000\" height=\"667\" src=\"https:\/\/www.grupolagunes.com\/wp-content\/uploads\/2017\/05\/lagunes_ciervos_sementales_13.jpg\" class=\"attachment-full size-full\" alt=\"\" loading=\"lazy\" srcset=\"https:\/\/www.grupolagunes.com\/wp-content\/uploads\/2017\/05\/lagunes_ciervos_sementales_13.jpg 1000w, https:\/\/www.grupolagunes.com\/wp-content\/uploads\/2017\/05\/lagunes_ciervos_sementales_13-300x200.jpg 300w, https:\/\/www.grupolagunes.com\/wp-content\/uploads\/2017\/05\/lagunes_ciervos_sementales_13-768x512.jpg 768w\" sizes=\"(max-width: 1000px) 100vw, 1000px\" \/><\/a>\n\t\t\t<\/div><\/figure>\n\t\t<\/div>\n\t\t<\/div>\n\t\t\t\t<\/div>\n\t\t\t\t<\/div>\n\t\t\t\t\t\t<\/div>\n\t\t\t\t\t<\/div>\n\t\t<\/div>\n\t\t\t\t\t\t\t\t<\/div>\n\t\t\t\t\t<\/div>\n\t\t<\/section>\n\t\t\t\t<section class=\"elementor-section elementor-top-section elementor-element elementor-element-dyoaddd elementor-section-content-middle elementor-section-boxed elementor-section-height-default elementor-section-height-default\" data-id=\"dyoaddd\" data-element_type=\"section\" data-settings=\"{&quot;background_background&quot;:&quot;classic&quot;}\">\n\t\t\t\t\t\t<div class=\"elementor-container elementor-column-gap-default\">\n\t\t\t\t\t\t\t<div class=\"elementor-row\">\n\t\t\t\t\t<div class=\"elementor-column elementor-col-100 elementor-top-column elementor-element elementor-element-saznszu\" data-id=\"saznszu\" data-element_type=\"column\">\n\t\t\t<div class=\"elementor-column-wrap elementor-element-populated\">\n\t\t\t\t\t\t\t<div class=\"elementor-widget-wrap\">\n\t\t\t\t\t\t<div class=\"elementor-element elementor-element-nglhlzy elementor-widget elementor-widget-heading\" data-id=\"nglhlzy\" data-element_type=\"widget\" data-widget_type=\"heading.default\">\n\t\t\t\t<div class=\"elementor-widget-container\">\n\t\t\t<p class=\"elementor-heading-title elementor-size-default\"><a href=\"https:\/\/www.grupolagunes.com\/en\/genetic-selection-of-iberian-deer\/\"><< Back to Genetic Selection<\/a><\/p>\t\t<\/div>\n\t\t\t\t<\/div>\n\t\t\t\t\t\t<\/div>\n\t\t\t\t\t<\/div>\n\t\t<\/div>\n\t\t\t\t\t\t\t\t<\/div>\n\t\t\t\t\t<\/div>\n\t\t<\/section>\n\t\t\t\t\t\t\t\t\t<\/div>\n\t\t\t<\/div>\n\t\t\t\t\t<\/div>\n\t\t","protected":false},"excerpt":{"rendered":"<p>Image gallery of stallions Iberian Deer<\/p>\n","protected":false},"author":1,"featured_media":0,"parent":2126,"menu_order":0,"comment_status":"closed","ping_status":"closed","template":"","meta":{"generate_page_header":""},"yoast_head":"<!-- This site is optimized with the Yoast SEO plugin v16.0.2 - https:\/\/yoast.com\/wordpress\/plugins\/seo\/ -->\n<title>Image gallery of stallions Iberian Deer | Grupo Lagunes<\/title>\n<meta name=\"description\" content=\"Galer\u00eda de im\u00e1genes de sementales de ciervo ib\u00e9rico criados en la Finca Lagunes, \u00fanica finca de Espa\u00f1a con certificado de pureza gen\u00e9tica.\" \/>\n<link rel=\"canonical\" href=\"https:\/\/www.grupolagunes.com\/en\/genetic-selection-of-iberian-deer\/stallions-iberian-deer\/\" \/>\n<meta property=\"og:locale\" content=\"en_US\" \/>\n<meta property=\"og:type\" content=\"article\" \/>\n<meta property=\"og:title\" content=\"Image gallery of stallions Iberian Deer | Grupo Lagunes\" \/>\n<meta property=\"og:description\" content=\"Galer\u00eda de im\u00e1genes de sementales de ciervo ib\u00e9rico criados en la Finca Lagunes, \u00fanica finca de Espa\u00f1a con certificado de pureza gen\u00e9tica.\" \/>\n<meta property=\"og:url\" content=\"https:\/\/www.grupolagunes.com\/en\/genetic-selection-of-iberian-deer\/stallions-iberian-deer\/\" \/>\n<meta property=\"og:site_name\" content=\"Grupo Lagunes\" \/>\n<meta property=\"article:modified_time\" content=\"2017-10-27T08:15:44+00:00\" \/>\n<meta property=\"og:image\" content=\"https:\/\/www.grupolagunes.com\/wp-content\/uploads\/2017\/05\/lagunes_ciervos_sementales_01.jpg\" \/>\n<meta name=\"twitter:card\" content=\"summary\" \/>\n<script type=\"application\/ld+json\" class=\"yoast-schema-graph\">{\"@context\":\"https:\/\/schema.org\",\"@graph\":[{\"@type\":\"WebSite\",\"@id\":\"https:\/\/www.grupolagunes.com\/#website\",\"url\":\"https:\/\/www.grupolagunes.com\/\",\"name\":\"Grupo Lagunes\",\"description\":\"Grupo Lagunes. Cinco generaciones vinculadas a la naturaleza y dedicados a la selecci\\u00f3n gen\\u00e9tica de ciervo y producto gourmet.\",\"potentialAction\":[{\"@type\":\"SearchAction\",\"target\":\"https:\/\/www.grupolagunes.com\/?s={search_term_string}\",\"query-input\":\"required name=search_term_string\"}],\"inLanguage\":\"en-US\"},{\"@type\":\"ImageObject\",\"@id\":\"https:\/\/www.grupolagunes.com\/en\/genetic-selection-of-iberian-deer\/stallions-iberian-deer\/#primaryimage\",\"inLanguage\":\"en-US\",\"url\":\"https:\/\/www.grupolagunes.com\/wp-content\/uploads\/2017\/05\/lagunes_ciervos_sementales_01.jpg\",\"width\":1000,\"height\":667,\"caption\":\"Lagunes ciervos sementales\"},{\"@type\":\"WebPage\",\"@id\":\"https:\/\/www.grupolagunes.com\/en\/genetic-selection-of-iberian-deer\/stallions-iberian-deer\/#webpage\",\"url\":\"https:\/\/www.grupolagunes.com\/en\/genetic-selection-of-iberian-deer\/stallions-iberian-deer\/\",\"name\":\"Image gallery of stallions Iberian Deer | Grupo Lagunes\",\"isPartOf\":{\"@id\":\"https:\/\/www.grupolagunes.com\/#website\"},\"primaryImageOfPage\":{\"@id\":\"https:\/\/www.grupolagunes.com\/en\/genetic-selection-of-iberian-deer\/stallions-iberian-deer\/#primaryimage\"},\"datePublished\":\"2017-05-25T10:21:13+00:00\",\"dateModified\":\"2017-10-27T08:15:44+00:00\",\"description\":\"Galer\\u00eda de im\\u00e1genes de sementales de ciervo ib\\u00e9rico criados en la Finca Lagunes, \\u00fanica finca de Espa\\u00f1a con certificado de pureza gen\\u00e9tica.\",\"breadcrumb\":{\"@id\":\"https:\/\/www.grupolagunes.com\/en\/genetic-selection-of-iberian-deer\/stallions-iberian-deer\/#breadcrumb\"},\"inLanguage\":\"en-US\",\"potentialAction\":[{\"@type\":\"ReadAction\",\"target\":[\"https:\/\/www.grupolagunes.com\/en\/genetic-selection-of-iberian-deer\/stallions-iberian-deer\/\"]}]},{\"@type\":\"BreadcrumbList\",\"@id\":\"https:\/\/www.grupolagunes.com\/en\/genetic-selection-of-iberian-deer\/stallions-iberian-deer\/#breadcrumb\",\"itemListElement\":[{\"@type\":\"ListItem\",\"position\":1,\"item\":{\"@type\":\"WebPage\",\"@id\":\"https:\/\/www.grupolagunes.com\/en\/home\/\",\"url\":\"https:\/\/www.grupolagunes.com\/en\/home\/\",\"name\":\"Portada\"}},{\"@type\":\"ListItem\",\"position\":2,\"item\":{\"@type\":\"WebPage\",\"@id\":\"https:\/\/www.grupolagunes.com\/en\/genetic-selection-of-iberian-deer\/\",\"url\":\"https:\/\/www.grupolagunes.com\/en\/genetic-selection-of-iberian-deer\/\",\"name\":\"Genetic Selection\"}},{\"@type\":\"ListItem\",\"position\":3,\"item\":{\"@type\":\"WebPage\",\"@id\":\"https:\/\/www.grupolagunes.com\/en\/genetic-selection-of-iberian-deer\/stallions-iberian-deer\/\",\"url\":\"https:\/\/www.grupolagunes.com\/en\/genetic-selection-of-iberian-deer\/stallions-iberian-deer\/\",\"name\":\"Stallions Deer\"}}]}]}<\/script>\n<!-- \/ Yoast SEO plugin. -->","_links":{"self":[{"href":"https:\/\/www.grupolagunes.com\/en\/wp-json\/wp\/v2\/pages\/2127"}],"collection":[{"href":"https:\/\/www.grupolagunes.com\/en\/wp-json\/wp\/v2\/pages"}],"about":[{"href":"https:\/\/www.grupolagunes.com\/en\/wp-json\/wp\/v2\/types\/page"}],"author":[{"embeddable":true,"href":"https:\/\/www.grupolagunes.com\/en\/wp-json\/wp\/v2\/users\/1"}],"replies":[{"embeddable":true,"href":"https:\/\/www.grupolagunes.com\/en\/wp-json\/wp\/v2\/comments?post=2127"}],"version-history":[{"count":2,"href":"https:\/\/www.grupolagunes.com\/en\/wp-json\/wp\/v2\/pages\/2127\/revisions"}],"predecessor-version":[{"id":2178,"href":"https:\/\/www.grupolagunes.com\/en\/wp-json\/wp\/v2\/pages\/2127\/revisions\/2178"}],"up":[{"embeddable":true,"href":"https:\/\/www.grupolagunes.com\/en\/wp-json\/wp\/v2\/pages\/2126"}],"wp:attachment":[{"href":"https:\/\/www.grupolagunes.com\/en\/wp-json\/wp\/v2\/media?parent=2127"}],"curies":[{"name":"wp","href":"https:\/\/api.w.org\/{rel}","templated":true}]}}