{"id":2128,"date":"2017-02-02T15:36:17","date_gmt":"2017-02-02T13:36:17","guid":{"rendered":"https:\/\/www.grupolagunes.com\/genetic-selection-of-iberian-deer\/wales-iberian-deer\/"},"modified":"2017-10-27T10:15:36","modified_gmt":"2017-10-27T08:15:36","slug":"wales-iberian-deer","status":"publish","type":"page","link":"https:\/\/www.grupolagunes.com\/en\/genetic-selection-of-iberian-deer\/wales-iberian-deer\/","title":{"rendered":"wales"},"content":{"rendered":"\t\t<div data-elementor-type=\"wp-page\" data-elementor-id=\"2128\" class=\"elementor elementor-2128 elementor-266 elementor-bc-flex-widget\">\n\t\t\t\t\t\t<div class=\"elementor-inner\">\n\t\t\t\t<div class=\"elementor-section-wrap\">\n\t\t\t\t\t\t\t\t\t<section class=\"elementor-section elementor-top-section elementor-element elementor-element-0sbzs0c elementor-section-boxed elementor-section-height-default elementor-section-height-default\" data-id=\"0sbzs0c\" data-element_type=\"section\">\n\t\t\t\t\t\t<div class=\"elementor-container elementor-column-gap-default\">\n\t\t\t\t\t\t\t<div class=\"elementor-row\">\n\t\t\t\t\t<div class=\"elementor-column elementor-col-100 elementor-top-column elementor-element elementor-element-1wfx4v8\" data-id=\"1wfx4v8\" data-element_type=\"column\">\n\t\t\t<div class=\"elementor-column-wrap elementor-element-populated\">\n\t\t\t\t\t\t\t<div class=\"elementor-widget-wrap\">\n\t\t\t\t\t\t<div class=\"elementor-element elementor-element-obqfo5b elementor-widget elementor-widget-heading\" data-id=\"obqfo5b\" data-element_type=\"widget\" data-widget_type=\"heading.default\">\n\t\t\t\t<div class=\"elementor-widget-container\">\n\t\t\t<h2 class=\"elementor-heading-title elementor-size-default\">Image gallery of Wales Iberian Deer<\/h2>\t\t<\/div>\n\t\t\t\t<\/div>\n\t\t\t\t\t\t<\/div>\n\t\t\t\t\t<\/div>\n\t\t<\/div>\n\t\t\t\t\t\t\t\t<\/div>\n\t\t\t\t\t<\/div>\n\t\t<\/section>\n\t\t\t\t<section class=\"elementor-section elementor-top-section elementor-element elementor-element-7genxp9 elementor-section-boxed elementor-section-height-default elementor-section-height-default\" data-id=\"7genxp9\" data-element_type=\"section\">\n\t\t\t\t\t\t<div class=\"elementor-container elementor-column-gap-default\">\n\t\t\t\t\t\t\t<div class=\"elementor-row\">\n\t\t\t\t\t<div class=\"elementor-column elementor-col-100 elementor-top-column elementor-element elementor-element-ozvlyfm\" data-id=\"ozvlyfm\" data-element_type=\"column\">\n\t\t\t<div class=\"elementor-column-wrap elementor-element-populated\">\n\t\t\t\t\t\t\t<div class=\"elementor-widget-wrap\">\n\t\t\t\t\t\t<div class=\"elementor-element elementor-element-5rs9izu elementor-widget elementor-widget-image-gallery\" data-id=\"5rs9izu\" data-element_type=\"widget\" data-widget_type=\"image-gallery.default\">\n\t\t\t\t<div class=\"elementor-widget-container\">\n\t\t\t\t\t<div class=\"elementor-image-gallery\">\n\t\t\t<div id='gallery-1' class='gallery galleryid-2128 gallery-columns-3 gallery-size-full'><figure class='gallery-item'>\n\t\t\t<div class='gallery-icon landscape'>\n\t\t\t\t<a data-elementor-open-lightbox=\"yes\" data-elementor-lightbox-slideshow=\"5rs9izu\" data-elementor-lightbox-title=\"Lagunes ciervos varetos\" e-action-hash=\"#elementor-action%3Aaction%3Dlightbox%26settings%3DeyJpZCI6MjEwMiwidXJsIjoiaHR0cHM6XC9cL3d3dy5ncnVwb2xhZ3VuZXMuY29tXC93cC1jb250ZW50XC91cGxvYWRzXC8yMDE3XC8wMlwvbGFndW5lc19jaWVydm9zX3ZhcmV0b3NfMTEuanBnIiwic2xpZGVzaG93IjoiNXJzOWl6dSJ9\" href='https:\/\/www.grupolagunes.com\/wp-content\/uploads\/2017\/02\/lagunes_ciervos_varetos_11.jpg'><img width=\"1000\" height=\"667\" src=\"https:\/\/www.grupolagunes.com\/wp-content\/uploads\/2017\/02\/lagunes_ciervos_varetos_11.jpg\" class=\"attachment-full size-full\" alt=\"\" loading=\"lazy\" srcset=\"https:\/\/www.grupolagunes.com\/wp-content\/uploads\/2017\/02\/lagunes_ciervos_varetos_11.jpg 1000w, https:\/\/www.grupolagunes.com\/wp-content\/uploads\/2017\/02\/lagunes_ciervos_varetos_11-300x200.jpg 300w, https:\/\/www.grupolagunes.com\/wp-content\/uploads\/2017\/02\/lagunes_ciervos_varetos_11-768x512.jpg 768w\" sizes=\"(max-width: 1000px) 100vw, 1000px\" \/><\/a>\n\t\t\t<\/div><\/figure><figure class='gallery-item'>\n\t\t\t<div class='gallery-icon landscape'>\n\t\t\t\t<a data-elementor-open-lightbox=\"yes\" data-elementor-lightbox-slideshow=\"5rs9izu\" data-elementor-lightbox-title=\"Lagunes ciervos varetos\" e-action-hash=\"#elementor-action%3Aaction%3Dlightbox%26settings%3DeyJpZCI6MjEwMywidXJsIjoiaHR0cHM6XC9cL3d3dy5ncnVwb2xhZ3VuZXMuY29tXC93cC1jb250ZW50XC91cGxvYWRzXC8yMDE3XC8wMlwvbGFndW5lc19jaWVydm9zX3ZhcmV0b3NfMTQuanBnIiwic2xpZGVzaG93IjoiNXJzOWl6dSJ9\" href='https:\/\/www.grupolagunes.com\/wp-content\/uploads\/2017\/02\/lagunes_ciervos_varetos_14.jpg'><img width=\"1000\" height=\"667\" src=\"https:\/\/www.grupolagunes.com\/wp-content\/uploads\/2017\/02\/lagunes_ciervos_varetos_14.jpg\" class=\"attachment-full size-full\" alt=\"\" loading=\"lazy\" srcset=\"https:\/\/www.grupolagunes.com\/wp-content\/uploads\/2017\/02\/lagunes_ciervos_varetos_14.jpg 1000w, https:\/\/www.grupolagunes.com\/wp-content\/uploads\/2017\/02\/lagunes_ciervos_varetos_14-300x200.jpg 300w, https:\/\/www.grupolagunes.com\/wp-content\/uploads\/2017\/02\/lagunes_ciervos_varetos_14-768x512.jpg 768w\" sizes=\"(max-width: 1000px) 100vw, 1000px\" \/><\/a>\n\t\t\t<\/div><\/figure><figure class='gallery-item'>\n\t\t\t<div class='gallery-icon landscape'>\n\t\t\t\t<a data-elementor-open-lightbox=\"yes\" data-elementor-lightbox-slideshow=\"5rs9izu\" data-elementor-lightbox-title=\"Lagunes ciervos varetos\" e-action-hash=\"#elementor-action%3Aaction%3Dlightbox%26settings%3DeyJpZCI6MjEwNCwidXJsIjoiaHR0cHM6XC9cL3d3dy5ncnVwb2xhZ3VuZXMuY29tXC93cC1jb250ZW50XC91cGxvYWRzXC8yMDE3XC8wMlwvbGFndW5lc19jaWVydm9zX3ZhcmV0b3NfMjMuanBnIiwic2xpZGVzaG93IjoiNXJzOWl6dSJ9\" href='https:\/\/www.grupolagunes.com\/wp-content\/uploads\/2017\/02\/lagunes_ciervos_varetos_23.jpg'><img width=\"1000\" height=\"667\" src=\"https:\/\/www.grupolagunes.com\/wp-content\/uploads\/2017\/02\/lagunes_ciervos_varetos_23.jpg\" class=\"attachment-full size-full\" alt=\"\" loading=\"lazy\" srcset=\"https:\/\/www.grupolagunes.com\/wp-content\/uploads\/2017\/02\/lagunes_ciervos_varetos_23.jpg 1000w, https:\/\/www.grupolagunes.com\/wp-content\/uploads\/2017\/02\/lagunes_ciervos_varetos_23-300x200.jpg 300w, https:\/\/www.grupolagunes.com\/wp-content\/uploads\/2017\/02\/lagunes_ciervos_varetos_23-768x512.jpg 768w\" sizes=\"(max-width: 1000px) 100vw, 1000px\" \/><\/a>\n\t\t\t<\/div><\/figure><figure class='gallery-item'>\n\t\t\t<div class='gallery-icon landscape'>\n\t\t\t\t<a data-elementor-open-lightbox=\"yes\" data-elementor-lightbox-slideshow=\"5rs9izu\" data-elementor-lightbox-title=\"Lagunes ciervos varetos\" e-action-hash=\"#elementor-action%3Aaction%3Dlightbox%26settings%3DeyJpZCI6MjA5NiwidXJsIjoiaHR0cHM6XC9cL3d3dy5ncnVwb2xhZ3VuZXMuY29tXC93cC1jb250ZW50XC91cGxvYWRzXC8yMDE3XC8wMlwvbGFndW5lc19jaWVydm9zX3ZhcmV0b3NfMTIuanBnIiwic2xpZGVzaG93IjoiNXJzOWl6dSJ9\" href='https:\/\/www.grupolagunes.com\/wp-content\/uploads\/2017\/02\/lagunes_ciervos_varetos_12.jpg'><img width=\"1000\" height=\"667\" src=\"https:\/\/www.grupolagunes.com\/wp-content\/uploads\/2017\/02\/lagunes_ciervos_varetos_12.jpg\" class=\"attachment-full size-full\" alt=\"\" loading=\"lazy\" srcset=\"https:\/\/www.grupolagunes.com\/wp-content\/uploads\/2017\/02\/lagunes_ciervos_varetos_12.jpg 1000w, https:\/\/www.grupolagunes.com\/wp-content\/uploads\/2017\/02\/lagunes_ciervos_varetos_12-300x200.jpg 300w, https:\/\/www.grupolagunes.com\/wp-content\/uploads\/2017\/02\/lagunes_ciervos_varetos_12-768x512.jpg 768w\" sizes=\"(max-width: 1000px) 100vw, 1000px\" \/><\/a>\n\t\t\t<\/div><\/figure><figure class='gallery-item'>\n\t\t\t<div class='gallery-icon landscape'>\n\t\t\t\t<a data-elementor-open-lightbox=\"yes\" data-elementor-lightbox-slideshow=\"5rs9izu\" data-elementor-lightbox-title=\"Lagunes ciervos varetos\" e-action-hash=\"#elementor-action%3Aaction%3Dlightbox%26settings%3DeyJpZCI6MjA5NywidXJsIjoiaHR0cHM6XC9cL3d3dy5ncnVwb2xhZ3VuZXMuY29tXC93cC1jb250ZW50XC91cGxvYWRzXC8yMDE3XC8wMlwvbGFndW5lc19jaWVydm9zX3ZhcmV0b3NfMTItMS5qcGciLCJzbGlkZXNob3ciOiI1cnM5aXp1In0%3D\" href='https:\/\/www.grupolagunes.com\/wp-content\/uploads\/2017\/02\/lagunes_ciervos_varetos_12-1.jpg'><img width=\"1000\" height=\"667\" src=\"https:\/\/www.grupolagunes.com\/wp-content\/uploads\/2017\/02\/lagunes_ciervos_varetos_12-1.jpg\" class=\"attachment-full size-full\" alt=\"\" loading=\"lazy\" srcset=\"https:\/\/www.grupolagunes.com\/wp-content\/uploads\/2017\/02\/lagunes_ciervos_varetos_12-1.jpg 1000w, https:\/\/www.grupolagunes.com\/wp-content\/uploads\/2017\/02\/lagunes_ciervos_varetos_12-1-300x200.jpg 300w, https:\/\/www.grupolagunes.com\/wp-content\/uploads\/2017\/02\/lagunes_ciervos_varetos_12-1-768x512.jpg 768w\" sizes=\"(max-width: 1000px) 100vw, 1000px\" \/><\/a>\n\t\t\t<\/div><\/figure><figure class='gallery-item'>\n\t\t\t<div class='gallery-icon landscape'>\n\t\t\t\t<a data-elementor-open-lightbox=\"yes\" data-elementor-lightbox-slideshow=\"5rs9izu\" data-elementor-lightbox-title=\"Lagunes ciervos varetos\" e-action-hash=\"#elementor-action%3Aaction%3Dlightbox%26settings%3DeyJpZCI6MjA5OCwidXJsIjoiaHR0cHM6XC9cL3d3dy5ncnVwb2xhZ3VuZXMuY29tXC93cC1jb250ZW50XC91cGxvYWRzXC8yMDE3XC8wMlwvbGFndW5lc19jaWVydm9zX3ZhcmV0b3NfMTMuanBnIiwic2xpZGVzaG93IjoiNXJzOWl6dSJ9\" href='https:\/\/www.grupolagunes.com\/wp-content\/uploads\/2017\/02\/lagunes_ciervos_varetos_13.jpg'><img width=\"1000\" height=\"667\" src=\"https:\/\/www.grupolagunes.com\/wp-content\/uploads\/2017\/02\/lagunes_ciervos_varetos_13.jpg\" class=\"attachment-full size-full\" alt=\"\" loading=\"lazy\" srcset=\"https:\/\/www.grupolagunes.com\/wp-content\/uploads\/2017\/02\/lagunes_ciervos_varetos_13.jpg 1000w, https:\/\/www.grupolagunes.com\/wp-content\/uploads\/2017\/02\/lagunes_ciervos_varetos_13-300x200.jpg 300w, https:\/\/www.grupolagunes.com\/wp-content\/uploads\/2017\/02\/lagunes_ciervos_varetos_13-768x512.jpg 768w\" sizes=\"(max-width: 1000px) 100vw, 1000px\" \/><\/a>\n\t\t\t<\/div><\/figure><figure class='gallery-item'>\n\t\t\t<div class='gallery-icon landscape'>\n\t\t\t\t<a data-elementor-open-lightbox=\"yes\" data-elementor-lightbox-slideshow=\"5rs9izu\" data-elementor-lightbox-title=\"Lagunes ciervos varetos\" e-action-hash=\"#elementor-action%3Aaction%3Dlightbox%26settings%3DeyJpZCI6MjA5OSwidXJsIjoiaHR0cHM6XC9cL3d3dy5ncnVwb2xhZ3VuZXMuY29tXC93cC1jb250ZW50XC91cGxvYWRzXC8yMDE3XC8wMlwvbGFndW5lc19jaWVydm9zX3ZhcmV0b3NfMTUuanBnIiwic2xpZGVzaG93IjoiNXJzOWl6dSJ9\" href='https:\/\/www.grupolagunes.com\/wp-content\/uploads\/2017\/02\/lagunes_ciervos_varetos_15.jpg'><img width=\"1000\" height=\"667\" src=\"https:\/\/www.grupolagunes.com\/wp-content\/uploads\/2017\/02\/lagunes_ciervos_varetos_15.jpg\" class=\"attachment-full size-full\" alt=\"\" loading=\"lazy\" srcset=\"https:\/\/www.grupolagunes.com\/wp-content\/uploads\/2017\/02\/lagunes_ciervos_varetos_15.jpg 1000w, https:\/\/www.grupolagunes.com\/wp-content\/uploads\/2017\/02\/lagunes_ciervos_varetos_15-300x200.jpg 300w, https:\/\/www.grupolagunes.com\/wp-content\/uploads\/2017\/02\/lagunes_ciervos_varetos_15-768x512.jpg 768w\" sizes=\"(max-width: 1000px) 100vw, 1000px\" \/><\/a>\n\t\t\t<\/div><\/figure><figure class='gallery-item'>\n\t\t\t<div class='gallery-icon landscape'>\n\t\t\t\t<a data-elementor-open-lightbox=\"yes\" data-elementor-lightbox-slideshow=\"5rs9izu\" data-elementor-lightbox-title=\"Lagunes ciervos varetos\" e-action-hash=\"#elementor-action%3Aaction%3Dlightbox%26settings%3DeyJpZCI6MjEwMCwidXJsIjoiaHR0cHM6XC9cL3d3dy5ncnVwb2xhZ3VuZXMuY29tXC93cC1jb250ZW50XC91cGxvYWRzXC8yMDE3XC8wMlwvbGFndW5lc19jaWVydm9zX3ZhcmV0b3NfMjcuanBnIiwic2xpZGVzaG93IjoiNXJzOWl6dSJ9\" href='https:\/\/www.grupolagunes.com\/wp-content\/uploads\/2017\/02\/lagunes_ciervos_varetos_27.jpg'><img width=\"1000\" height=\"667\" src=\"https:\/\/www.grupolagunes.com\/wp-content\/uploads\/2017\/02\/lagunes_ciervos_varetos_27.jpg\" class=\"attachment-full size-full\" alt=\"\" loading=\"lazy\" srcset=\"https:\/\/www.grupolagunes.com\/wp-content\/uploads\/2017\/02\/lagunes_ciervos_varetos_27.jpg 1000w, https:\/\/www.grupolagunes.com\/wp-content\/uploads\/2017\/02\/lagunes_ciervos_varetos_27-300x200.jpg 300w, https:\/\/www.grupolagunes.com\/wp-content\/uploads\/2017\/02\/lagunes_ciervos_varetos_27-768x512.jpg 768w\" sizes=\"(max-width: 1000px) 100vw, 1000px\" \/><\/a>\n\t\t\t<\/div><\/figure><figure class='gallery-item'>\n\t\t\t<div class='gallery-icon landscape'>\n\t\t\t\t<a data-elementor-open-lightbox=\"yes\" data-elementor-lightbox-slideshow=\"5rs9izu\" data-elementor-lightbox-title=\"Lagunes ciervos varetos\" e-action-hash=\"#elementor-action%3Aaction%3Dlightbox%26settings%3DeyJpZCI6MjEwMSwidXJsIjoiaHR0cHM6XC9cL3d3dy5ncnVwb2xhZ3VuZXMuY29tXC93cC1jb250ZW50XC91cGxvYWRzXC8yMDE3XC8wMlwvbGFndW5lc19jaWVydm9zX3ZhcmV0b3NfMDIuanBnIiwic2xpZGVzaG93IjoiNXJzOWl6dSJ9\" href='https:\/\/www.grupolagunes.com\/wp-content\/uploads\/2017\/02\/lagunes_ciervos_varetos_02.jpg'><img width=\"1000\" height=\"667\" src=\"https:\/\/www.grupolagunes.com\/wp-content\/uploads\/2017\/02\/lagunes_ciervos_varetos_02.jpg\" class=\"attachment-full size-full\" alt=\"\" loading=\"lazy\" srcset=\"https:\/\/www.grupolagunes.com\/wp-content\/uploads\/2017\/02\/lagunes_ciervos_varetos_02.jpg 1000w, https:\/\/www.grupolagunes.com\/wp-content\/uploads\/2017\/02\/lagunes_ciervos_varetos_02-300x200.jpg 300w, https:\/\/www.grupolagunes.com\/wp-content\/uploads\/2017\/02\/lagunes_ciervos_varetos_02-768x512.jpg 768w\" sizes=\"(max-width: 1000px) 100vw, 1000px\" \/><\/a>\n\t\t\t<\/div><\/figure>\n\t\t<\/div>\n\t\t<\/div>\n\t\t\t\t<\/div>\n\t\t\t\t<\/div>\n\t\t\t\t\t\t<\/div>\n\t\t\t\t\t<\/div>\n\t\t<\/div>\n\t\t\t\t\t\t\t\t<\/div>\n\t\t\t\t\t<\/div>\n\t\t<\/section>\n\t\t\t\t<section class=\"elementor-section elementor-top-section elementor-element elementor-element-sipdnsi elementor-section-content-middle elementor-section-boxed elementor-section-height-default elementor-section-height-default\" data-id=\"sipdnsi\" data-element_type=\"section\" data-settings=\"{&quot;background_background&quot;:&quot;classic&quot;}\">\n\t\t\t\t\t\t<div class=\"elementor-container elementor-column-gap-default\">\n\t\t\t\t\t\t\t<div class=\"elementor-row\">\n\t\t\t\t\t<div class=\"elementor-column elementor-col-100 elementor-top-column elementor-element elementor-element-4wzqbn4\" data-id=\"4wzqbn4\" data-element_type=\"column\">\n\t\t\t<div class=\"elementor-column-wrap elementor-element-populated\">\n\t\t\t\t\t\t\t<div class=\"elementor-widget-wrap\">\n\t\t\t\t\t\t<div class=\"elementor-element elementor-element-os2imz7 elementor-widget elementor-widget-heading\" data-id=\"os2imz7\" data-element_type=\"widget\" data-widget_type=\"heading.default\">\n\t\t\t\t<div class=\"elementor-widget-container\">\n\t\t\t<p class=\"elementor-heading-title elementor-size-default\"><a href=\"https:\/\/www.grupolagunes.com\/en\/genetic-selection-of-iberian-deer\/\"><< Back to Genetic Selection<\/a><\/p>\t\t<\/div>\n\t\t\t\t<\/div>\n\t\t\t\t\t\t<\/div>\n\t\t\t\t\t<\/div>\n\t\t<\/div>\n\t\t\t\t\t\t\t\t<\/div>\n\t\t\t\t\t<\/div>\n\t\t<\/section>\n\t\t\t\t\t\t\t\t\t<\/div>\n\t\t\t<\/div>\n\t\t\t\t\t<\/div>\n\t\t","protected":false},"excerpt":{"rendered":"<p>Image gallery of Wales Iberian Deer<\/p>\n","protected":false},"author":1,"featured_media":0,"parent":2126,"menu_order":0,"comment_status":"closed","ping_status":"closed","template":"","meta":{"generate_page_header":""},"yoast_head":"<!-- This site is optimized with the Yoast SEO plugin v16.0.2 - https:\/\/yoast.com\/wordpress\/plugins\/seo\/ -->\n<title>Image gallery of Wales Iberian Deer | Grupo Lagunes<\/title>\n<meta name=\"description\" content=\"Galer\u00eda de im\u00e1genes de varetos de ciervo ib\u00e9rico criados en la Finca Lagunes, \u00fanica finca de Espa\u00f1a con certificado de pureza gen\u00e9tica.\" \/>\n<link rel=\"canonical\" href=\"https:\/\/www.grupolagunes.com\/en\/genetic-selection-of-iberian-deer\/wales-iberian-deer\/\" \/>\n<meta property=\"og:locale\" content=\"en_US\" \/>\n<meta property=\"og:type\" content=\"article\" \/>\n<meta property=\"og:title\" content=\"Image gallery of Wales Iberian Deer | Grupo Lagunes\" \/>\n<meta property=\"og:description\" content=\"Galer\u00eda de im\u00e1genes de varetos de ciervo ib\u00e9rico criados en la Finca Lagunes, \u00fanica finca de Espa\u00f1a con certificado de pureza gen\u00e9tica.\" \/>\n<meta property=\"og:url\" content=\"https:\/\/www.grupolagunes.com\/en\/genetic-selection-of-iberian-deer\/wales-iberian-deer\/\" \/>\n<meta property=\"og:site_name\" content=\"Grupo Lagunes\" \/>\n<meta property=\"article:modified_time\" content=\"2017-10-27T08:15:36+00:00\" \/>\n<meta property=\"og:image\" content=\"https:\/\/www.grupolagunes.com\/wp-content\/uploads\/2017\/02\/lagunes_ciervos_varetos_11.jpg\" \/>\n<meta name=\"twitter:card\" content=\"summary\" \/>\n<script type=\"application\/ld+json\" class=\"yoast-schema-graph\">{\"@context\":\"https:\/\/schema.org\",\"@graph\":[{\"@type\":\"WebSite\",\"@id\":\"https:\/\/www.grupolagunes.com\/#website\",\"url\":\"https:\/\/www.grupolagunes.com\/\",\"name\":\"Grupo Lagunes\",\"description\":\"Grupo Lagunes. Cinco generaciones vinculadas a la naturaleza y dedicados a la selecci\\u00f3n gen\\u00e9tica de ciervo y producto gourmet.\",\"potentialAction\":[{\"@type\":\"SearchAction\",\"target\":\"https:\/\/www.grupolagunes.com\/?s={search_term_string}\",\"query-input\":\"required name=search_term_string\"}],\"inLanguage\":\"en-US\"},{\"@type\":\"ImageObject\",\"@id\":\"https:\/\/www.grupolagunes.com\/en\/genetic-selection-of-iberian-deer\/wales-iberian-deer\/#primaryimage\",\"inLanguage\":\"en-US\",\"url\":\"https:\/\/www.grupolagunes.com\/wp-content\/uploads\/2017\/02\/lagunes_ciervos_varetos_11.jpg\",\"width\":1000,\"height\":667},{\"@type\":\"WebPage\",\"@id\":\"https:\/\/www.grupolagunes.com\/en\/genetic-selection-of-iberian-deer\/wales-iberian-deer\/#webpage\",\"url\":\"https:\/\/www.grupolagunes.com\/en\/genetic-selection-of-iberian-deer\/wales-iberian-deer\/\",\"name\":\"Image gallery of Wales Iberian Deer | Grupo Lagunes\",\"isPartOf\":{\"@id\":\"https:\/\/www.grupolagunes.com\/#website\"},\"primaryImageOfPage\":{\"@id\":\"https:\/\/www.grupolagunes.com\/en\/genetic-selection-of-iberian-deer\/wales-iberian-deer\/#primaryimage\"},\"datePublished\":\"2017-02-02T13:36:17+00:00\",\"dateModified\":\"2017-10-27T08:15:36+00:00\",\"description\":\"Galer\\u00eda de im\\u00e1genes de varetos de ciervo ib\\u00e9rico criados en la Finca Lagunes, \\u00fanica finca de Espa\\u00f1a con certificado de pureza gen\\u00e9tica.\",\"breadcrumb\":{\"@id\":\"https:\/\/www.grupolagunes.com\/en\/genetic-selection-of-iberian-deer\/wales-iberian-deer\/#breadcrumb\"},\"inLanguage\":\"en-US\",\"potentialAction\":[{\"@type\":\"ReadAction\",\"target\":[\"https:\/\/www.grupolagunes.com\/en\/genetic-selection-of-iberian-deer\/wales-iberian-deer\/\"]}]},{\"@type\":\"BreadcrumbList\",\"@id\":\"https:\/\/www.grupolagunes.com\/en\/genetic-selection-of-iberian-deer\/wales-iberian-deer\/#breadcrumb\",\"itemListElement\":[{\"@type\":\"ListItem\",\"position\":1,\"item\":{\"@type\":\"WebPage\",\"@id\":\"https:\/\/www.grupolagunes.com\/en\/home\/\",\"url\":\"https:\/\/www.grupolagunes.com\/en\/home\/\",\"name\":\"Portada\"}},{\"@type\":\"ListItem\",\"position\":2,\"item\":{\"@type\":\"WebPage\",\"@id\":\"https:\/\/www.grupolagunes.com\/en\/genetic-selection-of-iberian-deer\/\",\"url\":\"https:\/\/www.grupolagunes.com\/en\/genetic-selection-of-iberian-deer\/\",\"name\":\"Genetic Selection\"}},{\"@type\":\"ListItem\",\"position\":3,\"item\":{\"@type\":\"WebPage\",\"@id\":\"https:\/\/www.grupolagunes.com\/en\/genetic-selection-of-iberian-deer\/wales-iberian-deer\/\",\"url\":\"https:\/\/www.grupolagunes.com\/en\/genetic-selection-of-iberian-deer\/wales-iberian-deer\/\",\"name\":\"wales\"}}]}]}<\/script>\n<!-- \/ Yoast SEO plugin. -->","_links":{"self":[{"href":"https:\/\/www.grupolagunes.com\/en\/wp-json\/wp\/v2\/pages\/2128"}],"collection":[{"href":"https:\/\/www.grupolagunes.com\/en\/wp-json\/wp\/v2\/pages"}],"about":[{"href":"https:\/\/www.grupolagunes.com\/en\/wp-json\/wp\/v2\/types\/page"}],"author":[{"embeddable":true,"href":"https:\/\/www.grupolagunes.com\/en\/wp-json\/wp\/v2\/users\/1"}],"replies":[{"embeddable":true,"href":"https:\/\/www.grupolagunes.com\/en\/wp-json\/wp\/v2\/comments?post=2128"}],"version-history":[{"count":2,"href":"https:\/\/www.grupolagunes.com\/en\/wp-json\/wp\/v2\/pages\/2128\/revisions"}],"predecessor-version":[{"id":2177,"href":"https:\/\/www.grupolagunes.com\/en\/wp-json\/wp\/v2\/pages\/2128\/revisions\/2177"}],"up":[{"embeddable":true,"href":"https:\/\/www.grupolagunes.com\/en\/wp-json\/wp\/v2\/pages\/2126"}],"wp:attachment":[{"href":"https:\/\/www.grupolagunes.com\/en\/wp-json\/wp\/v2\/media?parent=2128"}],"curies":[{"name":"wp","href":"https:\/\/api.w.org\/{rel}","templated":true}]}}