{"id":1552,"date":"2017-01-31T14:47:55","date_gmt":"2017-01-31T12:47:55","guid":{"rendered":"https:\/\/www.grupolagunes.com\/home\/"},"modified":"2022-06-06T09:31:15","modified_gmt":"2022-06-06T07:31:15","slug":"home","status":"publish","type":"page","link":"https:\/\/www.grupolagunes.com\/fr\/","title":{"rendered":"Home"},"content":{"rendered":"\t\t<div data-elementor-type=\"wp-page\" data-elementor-id=\"1552\" class=\"elementor elementor-1552 elementor-16\">\n\t\t\t\t\t\t<div class=\"elementor-inner\">\n\t\t\t\t<div class=\"elementor-section-wrap\">\n\t\t\t\t\t\t\t\t\t<section class=\"elementor-section elementor-top-section elementor-element elementor-element-abux99w elementor-section-full_width elementor-section-height-min-height elementor-section-items-stretch elementor-section-content-middle elementor-section-height-default\" data-id=\"abux99w\" data-element_type=\"section\" data-settings=\"{&quot;background_background&quot;:&quot;classic&quot;}\">\n\t\t\t\t\t\t<div class=\"elementor-container elementor-column-gap-default\">\n\t\t\t\t\t\t\t<div class=\"elementor-row\">\n\t\t\t\t\t<div class=\"elementor-column elementor-col-100 elementor-top-column elementor-element elementor-element-0ux1ibt\" data-id=\"0ux1ibt\" data-element_type=\"column\" data-settings=\"{&quot;background_background&quot;:&quot;classic&quot;}\">\n\t\t\t<div class=\"elementor-column-wrap elementor-element-populated\">\n\t\t\t\t\t<div class=\"elementor-background-overlay\"><\/div>\n\t\t\t\t\t\t\t<div class=\"elementor-widget-wrap\">\n\t\t\t\t\t\t<div class=\"elementor-element elementor-element-lhe0i0t elementor-widget elementor-widget-heading\" data-id=\"lhe0i0t\" data-element_type=\"widget\" data-widget_type=\"heading.default\">\n\t\t\t\t<div class=\"elementor-widget-container\">\n\t\t\t<h2 class=\"elementor-heading-title elementor-size-default\"><a href=\"https:\/\/www.grupolagunes.com\/fr\/lagunes-gourmet\/\">LAGUNES GOURMET<\/a><\/h2>\t\t<\/div>\n\t\t\t\t<\/div>\n\t\t\t\t\t\t<\/div>\n\t\t\t\t\t<\/div>\n\t\t<\/div>\n\t\t\t\t\t\t\t\t<\/div>\n\t\t\t\t\t<\/div>\n\t\t<\/section>\n\t\t\t\t<section class=\"elementor-section elementor-top-section elementor-element elementor-element-6fkzj8v elementor-section-boxed elementor-section-height-default elementor-section-height-default\" data-id=\"6fkzj8v\" data-element_type=\"section\" data-settings=\"{&quot;background_background&quot;:&quot;classic&quot;}\">\n\t\t\t\t\t\t<div class=\"elementor-container elementor-column-gap-default\">\n\t\t\t\t\t\t\t<div class=\"elementor-row\">\n\t\t\t\t\t<div class=\"elementor-column elementor-col-100 elementor-top-column elementor-element elementor-element-qe906xu\" data-id=\"qe906xu\" data-element_type=\"column\">\n\t\t\t<div class=\"elementor-column-wrap elementor-element-populated\">\n\t\t\t\t\t\t\t<div class=\"elementor-widget-wrap\">\n\t\t\t\t\t\t<div class=\"elementor-element elementor-element-q7fy39i elementor-widget elementor-widget-heading\" data-id=\"q7fy39i\" data-element_type=\"widget\" data-widget_type=\"heading.default\">\n\t\t\t\t<div class=\"elementor-widget-container\">\n\t\t\t<h2 class=\"elementor-heading-title elementor-size-default\">groupe lagunes: tradition et soin<\/h2>\t\t<\/div>\n\t\t\t\t<\/div>\n\t\t\t\t<div class=\"elementor-element elementor-element-429nfyi elementor-widget elementor-widget-text-editor\" data-id=\"429nfyi\" data-element_type=\"widget\" data-widget_type=\"text-editor.default\">\n\t\t\t\t<div class=\"elementor-widget-container\">\n\t\t\t\t\t\t\t\t<div class=\"elementor-text-editor elementor-clearfix\">\n\t\t\t\tLe groupe Lagunes a travaill\u00e9 pendant cinq g\u00e9n\u00e9rations li\u00e9 \u00e0 la nature en contribuant \u00e0 son soin par une gestion responsable de la terre. Depuis nos origines nous avons cherch\u00e9 l\u00b4excellence dans toutes nos activit\u00e9s en travaillant sur la base du respect \u00e0 l\u00b4environement et la consid\u00e9ration aux valeurs re\u00e7ues.\t\t\t\t\t<\/div>\n\t\t\t\t\t\t<\/div>\n\t\t\t\t<\/div>\n\t\t\t\t\t\t<\/div>\n\t\t\t\t\t<\/div>\n\t\t<\/div>\n\t\t\t\t\t\t\t\t<\/div>\n\t\t\t\t\t<\/div>\n\t\t<\/section>\n\t\t\t\t\t\t\t\t\t<\/div>\n\t\t\t<\/div>\n\t\t\t\t\t<\/div>\n\t\t","protected":false},"excerpt":{"rendered":"<p>LAGUNES GOURMET groupe lagunes: tradition et soin Le groupe Lagunes a travaill\u00e9 pendant cinq g\u00e9n\u00e9rations li\u00e9 \u00e0 la nature en contribuant \u00e0 son soin par une gestion responsable de la terre. Depuis nos origines nous avons cherch\u00e9 l\u00b4excellence dans toutes nos activit\u00e9s en travaillant sur la base du respect \u00e0 l\u00b4environement et la consid\u00e9ration aux &#8230; <a title=\"Home\" class=\"read-more\" href=\"https:\/\/www.grupolagunes.com\/fr\/\" aria-label=\"Plus sur Home\">Leer m\u00e1s<\/a><\/p>\n","protected":false},"author":1,"featured_media":0,"parent":0,"menu_order":0,"comment_status":"closed","ping_status":"closed","template":"","meta":{"generate_page_header":""},"yoast_head":"<!-- This site is optimized with the Yoast SEO plugin v16.0.2 - https:\/\/yoast.com\/wordpress\/plugins\/seo\/ -->\n<title>Groupe Lagunes<\/title>\n<meta name=\"description\" content=\"Cela fait plus de cinq g\u00e9n\u00e9rations que le Groupe Lagunes est li\u00e9 \u00e0 la nature et d\u00e9di\u00e9 \u00e1 la s\u00e9lection g\u00e9n\u00e9tique de Cerf, \u00e0 la cosm\u00e9tique naturelle et au produit gourmet.\" \/>\n<link rel=\"canonical\" href=\"https:\/\/www.grupolagunes.com\/fr\/\" \/>\n<meta property=\"og:locale\" content=\"fr_FR\" \/>\n<meta property=\"og:type\" content=\"article\" \/>\n<meta property=\"og:title\" content=\"Groupe Lagunes\" \/>\n<meta property=\"og:description\" content=\"Cela fait plus de cinq g\u00e9n\u00e9rations que le Groupe Lagunes est li\u00e9 \u00e0 la nature et d\u00e9di\u00e9 \u00e1 la s\u00e9lection g\u00e9n\u00e9tique de Cerf, \u00e0 la cosm\u00e9tique naturelle et au produit gourmet.\" \/>\n<meta property=\"og:url\" content=\"https:\/\/www.grupolagunes.com\/fr\/\" \/>\n<meta property=\"og:site_name\" content=\"Grupo Lagunes\" \/>\n<meta property=\"article:modified_time\" content=\"2022-06-06T07:31:15+00:00\" \/>\n<meta name=\"twitter:card\" content=\"summary\" \/>\n<meta name=\"twitter:label1\" content=\"Dur\u00e9e de lecture est.\">\n\t<meta name=\"twitter:data1\" content=\"1 minute\">\n<script type=\"application\/ld+json\" class=\"yoast-schema-graph\">{\"@context\":\"https:\/\/schema.org\",\"@graph\":[{\"@type\":\"WebSite\",\"@id\":\"https:\/\/www.grupolagunes.com\/#website\",\"url\":\"https:\/\/www.grupolagunes.com\/\",\"name\":\"Grupo Lagunes\",\"description\":\"Grupo Lagunes. Cinco generaciones vinculadas a la naturaleza y dedicados a la selecci\\u00f3n gen\\u00e9tica de ciervo y producto gourmet.\",\"potentialAction\":[{\"@type\":\"SearchAction\",\"target\":\"https:\/\/www.grupolagunes.com\/?s={search_term_string}\",\"query-input\":\"required name=search_term_string\"}],\"inLanguage\":\"fr-FR\"},{\"@type\":\"WebPage\",\"@id\":\"https:\/\/www.grupolagunes.com\/fr\/#webpage\",\"url\":\"https:\/\/www.grupolagunes.com\/fr\/\",\"name\":\"Groupe Lagunes\",\"isPartOf\":{\"@id\":\"https:\/\/www.grupolagunes.com\/#website\"},\"datePublished\":\"2017-01-31T12:47:55+00:00\",\"dateModified\":\"2022-06-06T07:31:15+00:00\",\"description\":\"Cela fait plus de cinq g\\u00e9n\\u00e9rations que le Groupe Lagunes est li\\u00e9 \\u00e0 la nature et d\\u00e9di\\u00e9 \\u00e1 la s\\u00e9lection g\\u00e9n\\u00e9tique de Cerf, \\u00e0 la cosm\\u00e9tique naturelle et au produit gourmet.\",\"breadcrumb\":{\"@id\":\"https:\/\/www.grupolagunes.com\/fr\/#breadcrumb\"},\"inLanguage\":\"fr-FR\",\"potentialAction\":[{\"@type\":\"ReadAction\",\"target\":[\"https:\/\/www.grupolagunes.com\/fr\/\"]}]},{\"@type\":\"BreadcrumbList\",\"@id\":\"https:\/\/www.grupolagunes.com\/fr\/#breadcrumb\",\"itemListElement\":[{\"@type\":\"ListItem\",\"position\":1,\"item\":{\"@type\":\"WebPage\",\"@id\":\"https:\/\/www.grupolagunes.com\/fr\/\",\"url\":\"https:\/\/www.grupolagunes.com\/fr\/\",\"name\":\"Portada\"}},{\"@type\":\"ListItem\",\"position\":2,\"item\":{\"@type\":\"WebPage\",\"@id\":\"https:\/\/www.grupolagunes.com\/fr\/\",\"url\":\"https:\/\/www.grupolagunes.com\/fr\/\",\"name\":\"Home\"}}]}]}<\/script>\n<!-- \/ Yoast SEO plugin. -->","_links":{"self":[{"href":"https:\/\/www.grupolagunes.com\/fr\/wp-json\/wp\/v2\/pages\/1552"}],"collection":[{"href":"https:\/\/www.grupolagunes.com\/fr\/wp-json\/wp\/v2\/pages"}],"about":[{"href":"https:\/\/www.grupolagunes.com\/fr\/wp-json\/wp\/v2\/types\/page"}],"author":[{"embeddable":true,"href":"https:\/\/www.grupolagunes.com\/fr\/wp-json\/wp\/v2\/users\/1"}],"replies":[{"embeddable":true,"href":"https:\/\/www.grupolagunes.com\/fr\/wp-json\/wp\/v2\/comments?post=1552"}],"version-history":[{"count":14,"href":"https:\/\/www.grupolagunes.com\/fr\/wp-json\/wp\/v2\/pages\/1552\/revisions"}],"predecessor-version":[{"id":2217,"href":"https:\/\/www.grupolagunes.com\/fr\/wp-json\/wp\/v2\/pages\/1552\/revisions\/2217"}],"wp:attachment":[{"href":"https:\/\/www.grupolagunes.com\/fr\/wp-json\/wp\/v2\/media?parent=1552"}],"curies":[{"name":"wp","href":"https:\/\/api.w.org\/{rel}","templated":true}]}}