{"id":1565,"date":"2017-01-31T14:48:45","date_gmt":"2017-01-31T12:48:45","guid":{"rendered":"https:\/\/www.grupolagunes.com\/gourmet\/"},"modified":"2017-07-24T13:51:40","modified_gmt":"2017-07-24T11:51:40","slug":"lagunes-gourmet","status":"publish","type":"page","link":"https:\/\/www.grupolagunes.com\/fr\/lagunes-gourmet\/","title":{"rendered":"Gourmet"},"content":{"rendered":"\t\t<div data-elementor-type=\"wp-page\" data-elementor-id=\"1565\" class=\"elementor elementor-1565 elementor-24 elementor-bc-flex-widget\">\n\t\t\t\t\t\t<div class=\"elementor-inner\">\n\t\t\t\t<div class=\"elementor-section-wrap\">\n\t\t\t\t\t\t\t\t\t<section class=\"elementor-section elementor-top-section elementor-element elementor-element-ndivlsi elementor-section-boxed elementor-section-height-default elementor-section-height-default\" data-id=\"ndivlsi\" data-element_type=\"section\" data-settings=\"{&quot;background_background&quot;:&quot;classic&quot;}\">\n\t\t\t\t\t\t<div class=\"elementor-container elementor-column-gap-default\">\n\t\t\t\t\t\t\t<div class=\"elementor-row\">\n\t\t\t\t\t<div class=\"elementor-column elementor-col-100 elementor-top-column elementor-element elementor-element-zdwscsm\" data-id=\"zdwscsm\" data-element_type=\"column\">\n\t\t\t<div class=\"elementor-column-wrap elementor-element-populated\">\n\t\t\t\t\t\t\t<div class=\"elementor-widget-wrap\">\n\t\t\t\t\t\t<div class=\"elementor-element elementor-element-terjmmc elementor-widget elementor-widget-heading\" data-id=\"terjmmc\" data-element_type=\"widget\" data-widget_type=\"heading.default\">\n\t\t\t\t<div class=\"elementor-widget-container\">\n\t\t\t<h1 class=\"elementor-heading-title elementor-size-default\">Lagunes Gourmet.<br>Produits gourmet espagnols<\/h1>\t\t<\/div>\n\t\t\t\t<\/div>\n\t\t\t\t\t\t<\/div>\n\t\t\t\t\t<\/div>\n\t\t<\/div>\n\t\t\t\t\t\t\t\t<\/div>\n\t\t\t\t\t<\/div>\n\t\t<\/section>\n\t\t\t\t<section class=\"elementor-section elementor-top-section elementor-element elementor-element-3nb5dd0 elementor-section-boxed elementor-section-height-default elementor-section-height-default\" data-id=\"3nb5dd0\" data-element_type=\"section\" data-settings=\"{&quot;background_background&quot;:&quot;classic&quot;}\">\n\t\t\t\t\t\t<div class=\"elementor-container elementor-column-gap-default\">\n\t\t\t\t\t\t\t<div class=\"elementor-row\">\n\t\t\t\t\t<div class=\"elementor-column elementor-col-100 elementor-top-column elementor-element elementor-element-0pmvgja\" data-id=\"0pmvgja\" data-element_type=\"column\">\n\t\t\t<div class=\"elementor-column-wrap elementor-element-populated\">\n\t\t\t\t\t\t\t<div class=\"elementor-widget-wrap\">\n\t\t\t\t\t\t<div class=\"elementor-element elementor-element-sju6a0a elementor-widget elementor-widget-image\" data-id=\"sju6a0a\" data-element_type=\"widget\" data-widget_type=\"image.default\">\n\t\t\t\t<div class=\"elementor-widget-container\">\n\t\t\t\t\t\t\t\t<div class=\"elementor-image\">\n\t\t\t\t\t\t\t\t\t\t\t\t<img width=\"1500\" height=\"1061\" src=\"https:\/\/www.grupolagunes.com\/wp-content\/uploads\/2017\/01\/lagunes-gourmet-seleccion-de-productos.png\" class=\"attachment-full size-full\" alt=\"Selecci\u00f3n productos Lagunes Gourmet\" loading=\"lazy\" srcset=\"https:\/\/www.grupolagunes.com\/wp-content\/uploads\/2017\/01\/lagunes-gourmet-seleccion-de-productos.png 1500w, https:\/\/www.grupolagunes.com\/wp-content\/uploads\/2017\/01\/lagunes-gourmet-seleccion-de-productos-300x212.png 300w, https:\/\/www.grupolagunes.com\/wp-content\/uploads\/2017\/01\/lagunes-gourmet-seleccion-de-productos-768x543.png 768w, https:\/\/www.grupolagunes.com\/wp-content\/uploads\/2017\/01\/lagunes-gourmet-seleccion-de-productos-1024x724.png 1024w\" sizes=\"(max-width: 1500px) 100vw, 1500px\" \/>\t\t\t\t\t\t\t\t\t\t\t\t\t\t<\/div>\n\t\t\t\t\t\t<\/div>\n\t\t\t\t<\/div>\n\t\t\t\t\t\t<\/div>\n\t\t\t\t\t<\/div>\n\t\t<\/div>\n\t\t\t\t\t\t\t\t<\/div>\n\t\t\t\t\t<\/div>\n\t\t<\/section>\n\t\t\t\t<section class=\"elementor-section elementor-top-section elementor-element elementor-element-chunleb elementor-section-boxed elementor-section-height-default elementor-section-height-default\" data-id=\"chunleb\" data-element_type=\"section\" data-settings=\"{&quot;background_background&quot;:&quot;classic&quot;}\">\n\t\t\t\t\t\t<div class=\"elementor-container elementor-column-gap-default\">\n\t\t\t\t\t\t\t<div class=\"elementor-row\">\n\t\t\t\t\t<div class=\"elementor-column elementor-col-50 elementor-top-column elementor-element elementor-element-mupltcf\" data-id=\"mupltcf\" data-element_type=\"column\">\n\t\t\t<div class=\"elementor-column-wrap elementor-element-populated\">\n\t\t\t\t\t\t\t<div class=\"elementor-widget-wrap\">\n\t\t\t\t\t\t<div class=\"elementor-element elementor-element-yoq5zlh elementor-widget elementor-widget-heading\" data-id=\"yoq5zlh\" data-element_type=\"widget\" data-widget_type=\"heading.default\">\n\t\t\t\t<div class=\"elementor-widget-container\">\n\t\t\t<h3 class=\"elementor-heading-title elementor-size-default\">Uniquement produits 100% espagnols<\/h3>\t\t<\/div>\n\t\t\t\t<\/div>\n\t\t\t\t<div class=\"elementor-element elementor-element-1h87hy6 elementor-widget-divider--view-line elementor-widget elementor-widget-divider\" data-id=\"1h87hy6\" data-element_type=\"widget\" data-widget_type=\"divider.default\">\n\t\t\t\t<div class=\"elementor-widget-container\">\n\t\t\t\t\t<div class=\"elementor-divider\">\n\t\t\t<span class=\"elementor-divider-separator\">\n\t\t\t\t\t\t<\/span>\n\t\t<\/div>\n\t\t\t\t<\/div>\n\t\t\t\t<\/div>\n\t\t\t\t<div class=\"elementor-element elementor-element-uxvo4nn elementor-widget elementor-widget-text-editor\" data-id=\"uxvo4nn\" data-element_type=\"widget\" data-widget_type=\"text-editor.default\">\n\t\t\t\t<div class=\"elementor-widget-container\">\n\t\t\t\t\t\t\t\t<div class=\"elementor-text-editor elementor-clearfix\">\n\t\t\t\tPour Lagunes Gourmet, le plus important qui compte est la confiance et la satisfaction de nos clients. De la m\u00eame fa\u00e7on nous visons \u00e0 ce que la qualit\u00e9 de nos produits soit un fid\u00e8le reflet de notre philosophie de vie et des valeurs h\u00e9rit\u00e9es pendant plusieurs g\u00e9n\u00e9rations. Pour cela, nous choisissons exclusivement les produits qui repr\u00e9sentent le plus raffin\u00e9 de la tradition gastronomique espagnole et qui apportent \u00e0 chaque plat un caract\u00e8re unique.\t\t\t\t\t<\/div>\n\t\t\t\t\t\t<\/div>\n\t\t\t\t<\/div>\n\t\t\t\t\t\t<\/div>\n\t\t\t\t\t<\/div>\n\t\t<\/div>\n\t\t\t\t<div class=\"elementor-column elementor-col-50 elementor-top-column elementor-element elementor-element-yhcb9l6\" data-id=\"yhcb9l6\" data-element_type=\"column\">\n\t\t\t<div class=\"elementor-column-wrap elementor-element-populated\">\n\t\t\t\t\t\t\t<div class=\"elementor-widget-wrap\">\n\t\t\t\t\t\t<div class=\"elementor-element elementor-element-klxadjo elementor-widget elementor-widget-heading\" data-id=\"klxadjo\" data-element_type=\"widget\" data-widget_type=\"heading.default\">\n\t\t\t\t<div class=\"elementor-widget-container\">\n\t\t\t<h3 class=\"elementor-heading-title elementor-size-default\">Tous nos produits sont \u00e9labor\u00e9s en suivant des proc\u00e9d\u00e9s naturels et respectant l\u00b4environnement.<\/h3>\t\t<\/div>\n\t\t\t\t<\/div>\n\t\t\t\t\t\t<\/div>\n\t\t\t\t\t<\/div>\n\t\t<\/div>\n\t\t\t\t\t\t\t\t<\/div>\n\t\t\t\t\t<\/div>\n\t\t<\/section>\n\t\t\t\t<section class=\"elementor-section elementor-top-section elementor-element elementor-element-fwhggfr elementor-section-full_width elementor-section-content-top elementor-section-height-default elementor-section-height-default\" data-id=\"fwhggfr\" data-element_type=\"section\" data-settings=\"{&quot;background_background&quot;:&quot;classic&quot;}\">\n\t\t\t\t\t\t<div class=\"elementor-container elementor-column-gap-no\">\n\t\t\t\t\t\t\t<div class=\"elementor-row\">\n\t\t\t\t\t<div class=\"elementor-column elementor-col-25 elementor-top-column elementor-element elementor-element-hgekfey\" data-id=\"hgekfey\" data-element_type=\"column\">\n\t\t\t<div class=\"elementor-column-wrap elementor-element-populated\">\n\t\t\t\t\t\t\t<div class=\"elementor-widget-wrap\">\n\t\t\t\t\t\t<div class=\"elementor-element elementor-element-ttpceux elementor-widget elementor-widget-heading\" data-id=\"ttpceux\" data-element_type=\"widget\" data-widget_type=\"heading.default\">\n\t\t\t\t<div class=\"elementor-widget-container\">\n\t\t\t<h3 class=\"elementor-heading-title elementor-size-default\">Huile d\u00b4olive<\/h3>\t\t<\/div>\n\t\t\t\t<\/div>\n\t\t\t\t<div class=\"elementor-element elementor-element-klycebn elementor-widget elementor-widget-heading\" data-id=\"klycebn\" data-element_type=\"widget\" data-widget_type=\"heading.default\">\n\t\t\t\t<div class=\"elementor-widget-container\">\n\t\t\t<h3 class=\"elementor-heading-title elementor-size-default\">vierge extra<\/h3>\t\t<\/div>\n\t\t\t\t<\/div>\n\t\t\t\t<div class=\"elementor-element elementor-element-jmom2bv elementor-widget elementor-widget-image\" data-id=\"jmom2bv\" data-element_type=\"widget\" data-widget_type=\"image.default\">\n\t\t\t\t<div class=\"elementor-widget-container\">\n\t\t\t\t\t\t\t\t<div class=\"elementor-image\">\n\t\t\t\t\t\t\t\t\t\t\t\t<img src=\"https:\/\/www.grupolagunes.com\/wp-content\/uploads\/elementor\/thumbs\/ilustracion-aceite-n91mn11fol28gmze23pejvfohzccw4sxqmt65e3ndq.png\" title=\"Aceite de Oliva Virgen Extra\" alt=\"Aceite de Oliva Virgen Extra\" \/>\t\t\t\t\t\t\t\t\t\t\t\t\t\t<\/div>\n\t\t\t\t\t\t<\/div>\n\t\t\t\t<\/div>\n\t\t\t\t<div class=\"elementor-element elementor-element-dbg15nk elementor-align-center elementor-widget elementor-widget-button\" data-id=\"dbg15nk\" data-element_type=\"widget\" data-widget_type=\"button.default\">\n\t\t\t\t<div class=\"elementor-widget-container\">\n\t\t\t\t\t<div class=\"elementor-button-wrapper\">\n\t\t\t<a href=\"https:\/\/www.grupolagunes.com\/fr\/gourmet\/huile-dolive-vierge-extra\/\" class=\"elementor-button-link elementor-button elementor-size-md\" role=\"button\">\n\t\t\t\t\t\t<span class=\"elementor-button-content-wrapper\">\n\t\t\t\t\t\t<span class=\"elementor-button-text\">D\u00e9couvrir l\u00b4huile d\u00b4olive<\/span>\n\t\t<\/span>\n\t\t\t\t\t<\/a>\n\t\t<\/div>\n\t\t\t\t<\/div>\n\t\t\t\t<\/div>\n\t\t\t\t\t\t<\/div>\n\t\t\t\t\t<\/div>\n\t\t<\/div>\n\t\t\t\t<div class=\"elementor-column elementor-col-25 elementor-top-column elementor-element elementor-element-kkpyzwu\" data-id=\"kkpyzwu\" data-element_type=\"column\">\n\t\t\t<div class=\"elementor-column-wrap elementor-element-populated\">\n\t\t\t\t\t\t\t<div class=\"elementor-widget-wrap\">\n\t\t\t\t\t\t<div class=\"elementor-element elementor-element-ztvqjkj elementor-widget elementor-widget-heading\" data-id=\"ztvqjkj\" data-element_type=\"widget\" data-widget_type=\"heading.default\">\n\t\t\t\t<div class=\"elementor-widget-container\">\n\t\t\t<h3 class=\"elementor-heading-title elementor-size-default\">Miel natural<\/h3>\t\t<\/div>\n\t\t\t\t<\/div>\n\t\t\t\t<div class=\"elementor-element elementor-element-pziafsh elementor-widget elementor-widget-heading\" data-id=\"pziafsh\" data-element_type=\"widget\" data-widget_type=\"heading.default\">\n\t\t\t\t<div class=\"elementor-widget-container\">\n\t\t\t<h3 class=\"elementor-heading-title elementor-size-default\">de ch\u00eane, de fleurs d\u00b4oranger et de fleurs.<\/h3>\t\t<\/div>\n\t\t\t\t<\/div>\n\t\t\t\t<div class=\"elementor-element elementor-element-v7vg691 elementor-widget elementor-widget-image\" data-id=\"v7vg691\" data-element_type=\"widget\" data-widget_type=\"image.default\">\n\t\t\t\t<div class=\"elementor-widget-container\">\n\t\t\t\t\t\t\t\t<div class=\"elementor-image\">\n\t\t\t\t\t\t\t\t\t\t\t\t<img src=\"https:\/\/www.grupolagunes.com\/wp-content\/uploads\/elementor\/thumbs\/ilustracion-miel-natural-n91mmff5be8n1luskcczgiw2u4awz3f3znt040zpcu.png\" title=\"Miel natural espa\u00f1ola\" alt=\"Miel natural espa\u00f1ola\" \/>\t\t\t\t\t\t\t\t\t\t\t\t\t\t<\/div>\n\t\t\t\t\t\t<\/div>\n\t\t\t\t<\/div>\n\t\t\t\t<div class=\"elementor-element elementor-element-e17wggn elementor-align-center elementor-widget elementor-widget-button\" data-id=\"e17wggn\" data-element_type=\"widget\" data-widget_type=\"button.default\">\n\t\t\t\t<div class=\"elementor-widget-container\">\n\t\t\t\t\t<div class=\"elementor-button-wrapper\">\n\t\t\t<a href=\"https:\/\/www.grupolagunes.com\/fr\/gourmet\/miel\/\" class=\"elementor-button-link elementor-button elementor-size-md\" role=\"button\">\n\t\t\t\t\t\t<span class=\"elementor-button-content-wrapper\">\n\t\t\t\t\t\t<span class=\"elementor-button-text\">D\u00e9couvrir les sortes de miel<\/span>\n\t\t<\/span>\n\t\t\t\t\t<\/a>\n\t\t<\/div>\n\t\t\t\t<\/div>\n\t\t\t\t<\/div>\n\t\t\t\t\t\t<\/div>\n\t\t\t\t\t<\/div>\n\t\t<\/div>\n\t\t\t\t<div class=\"elementor-column elementor-col-25 elementor-top-column elementor-element elementor-element-rguktuz\" data-id=\"rguktuz\" data-element_type=\"column\">\n\t\t\t<div class=\"elementor-column-wrap elementor-element-populated\">\n\t\t\t\t\t\t\t<div class=\"elementor-widget-wrap\">\n\t\t\t\t\t\t<div class=\"elementor-element elementor-element-qzjbagm elementor-widget elementor-widget-heading\" data-id=\"qzjbagm\" data-element_type=\"widget\" data-widget_type=\"heading.default\">\n\t\t\t\t<div class=\"elementor-widget-container\">\n\t\t\t<h3 class=\"elementor-heading-title elementor-size-default\">Safran 100% espagnol<\/h3>\t\t<\/div>\n\t\t\t\t<\/div>\n\t\t\t\t<div class=\"elementor-element elementor-element-xwbcbdo elementor-widget elementor-widget-heading\" data-id=\"xwbcbdo\" data-element_type=\"widget\" data-widget_type=\"heading.default\">\n\t\t\t\t<div class=\"elementor-widget-container\">\n\t\t\t<h3 class=\"elementor-heading-title elementor-size-default\">calidad superior - ISO CAT. I<\/h3>\t\t<\/div>\n\t\t\t\t<\/div>\n\t\t\t\t<div class=\"elementor-element elementor-element-v5wfxz4 elementor-widget elementor-widget-image\" data-id=\"v5wfxz4\" data-element_type=\"widget\" data-widget_type=\"image.default\">\n\t\t\t\t<div class=\"elementor-widget-container\">\n\t\t\t\t\t\t\t\t<div class=\"elementor-image\">\n\t\t\t\t\t\t\t\t\t\t\t\t<img src=\"https:\/\/www.grupolagunes.com\/wp-content\/uploads\/elementor\/thumbs\/ilustracion-azafran-espanol-n91mncbhylhobyj088kxdsl7mlsrgi1ps6mzwpmxb2.png\" title=\"Azafr\u00e1n 100% espa\u00f1ol\" alt=\"Azafr\u00e1n 100% espa\u00f1ol\" \/>\t\t\t\t\t\t\t\t\t\t\t\t\t\t<\/div>\n\t\t\t\t\t\t<\/div>\n\t\t\t\t<\/div>\n\t\t\t\t<div class=\"elementor-element elementor-element-sfq4oij elementor-align-center elementor-widget elementor-widget-button\" data-id=\"sfq4oij\" data-element_type=\"widget\" data-widget_type=\"button.default\">\n\t\t\t\t<div class=\"elementor-widget-container\">\n\t\t\t\t\t<div class=\"elementor-button-wrapper\">\n\t\t\t<a href=\"https:\/\/www.grupolagunes.com\/fr\/gourmet\/safran\/\" class=\"elementor-button-link elementor-button elementor-size-md\" role=\"button\">\n\t\t\t\t\t\t<span class=\"elementor-button-content-wrapper\">\n\t\t\t\t\t\t<span class=\"elementor-button-text\">D\u00e9couvrir le safran<\/span>\n\t\t<\/span>\n\t\t\t\t\t<\/a>\n\t\t<\/div>\n\t\t\t\t<\/div>\n\t\t\t\t<\/div>\n\t\t\t\t\t\t<\/div>\n\t\t\t\t\t<\/div>\n\t\t<\/div>\n\t\t\t\t<div class=\"elementor-column elementor-col-25 elementor-top-column elementor-element elementor-element-kkdwrpe\" data-id=\"kkdwrpe\" data-element_type=\"column\">\n\t\t\t<div class=\"elementor-column-wrap elementor-element-populated\">\n\t\t\t\t\t\t\t<div class=\"elementor-widget-wrap\">\n\t\t\t\t\t\t<div class=\"elementor-element elementor-element-jhozbwr elementor-widget elementor-widget-heading\" data-id=\"jhozbwr\" data-element_type=\"widget\" data-widget_type=\"heading.default\">\n\t\t\t\t<div class=\"elementor-widget-container\">\n\t\t\t<h3 class=\"elementor-heading-title elementor-size-default\">Viande de gibier<\/h3>\t\t<\/div>\n\t\t\t\t<\/div>\n\t\t\t\t<div class=\"elementor-element elementor-element-wlkrvrc elementor-widget elementor-widget-heading\" data-id=\"wlkrvrc\" data-element_type=\"widget\" data-widget_type=\"heading.default\">\n\t\t\t\t<div class=\"elementor-widget-container\">\n\t\t\t<h3 class=\"elementor-heading-title elementor-size-default\">\u00c9l\u00e9v\u00e9 en libert\u00e9<\/h3>\t\t<\/div>\n\t\t\t\t<\/div>\n\t\t\t\t<div class=\"elementor-element elementor-element-hocdv5h elementor-widget elementor-widget-image\" data-id=\"hocdv5h\" data-element_type=\"widget\" data-widget_type=\"image.default\">\n\t\t\t\t<div class=\"elementor-widget-container\">\n\t\t\t\t\t\t\t\t<div class=\"elementor-image\">\n\t\t\t\t\t\t\t\t\t\t\t\t<img src=\"https:\/\/www.grupolagunes.com\/wp-content\/uploads\/elementor\/thumbs\/carne-caza-n91lyumvvzyptq3p8ngvez2uf6igwethqypjr5y7fi.png\" title=\"Grabado de ciervo Finca Lagunes\" alt=\"Grabado de ciervo Finca Lagunes\" \/>\t\t\t\t\t\t\t\t\t\t\t\t\t\t<\/div>\n\t\t\t\t\t\t<\/div>\n\t\t\t\t<\/div>\n\t\t\t\t<div class=\"elementor-element elementor-element-kz1rt9k elementor-align-center elementor-widget elementor-widget-button\" data-id=\"kz1rt9k\" data-element_type=\"widget\" data-widget_type=\"button.default\">\n\t\t\t\t<div class=\"elementor-widget-container\">\n\t\t\t\t\t<div class=\"elementor-button-wrapper\">\n\t\t\t<a href=\"https:\/\/www.grupolagunes.com\/fr\/gourmet\/viande-de-gibier\/\" class=\"elementor-button-link elementor-button elementor-size-md\" role=\"button\">\n\t\t\t\t\t\t<span class=\"elementor-button-content-wrapper\">\n\t\t\t\t\t\t<span class=\"elementor-button-text\">D\u00e9couvrir la viande<\/span>\n\t\t<\/span>\n\t\t\t\t\t<\/a>\n\t\t<\/div>\n\t\t\t\t<\/div>\n\t\t\t\t<\/div>\n\t\t\t\t\t\t<\/div>\n\t\t\t\t\t<\/div>\n\t\t<\/div>\n\t\t\t\t\t\t\t\t<\/div>\n\t\t\t\t\t<\/div>\n\t\t<\/section>\n\t\t\t\t\t\t\t\t\t<\/div>\n\t\t\t<\/div>\n\t\t\t\t\t<\/div>\n\t\t","protected":false},"excerpt":{"rendered":"","protected":false},"author":1,"featured_media":0,"parent":0,"menu_order":0,"comment_status":"closed","ping_status":"closed","template":"","meta":{"generate_page_header":""},"yoast_head":"<!-- This site is optimized with the Yoast SEO plugin v16.0.2 - https:\/\/yoast.com\/wordpress\/plugins\/seo\/ -->\n<title>Lagunes Gourmet: produits gourmet espagnols | Grupo Lagunes<\/title>\n<meta name=\"description\" content=\"Lagunes Gourmet est la marque avec laquelle tu trouveras une s\u00e9lection de produits gourmet espagnols \u00e9labor\u00e9s de mani\u00e8re artisanale.\" \/>\n<link rel=\"canonical\" href=\"https:\/\/www.grupolagunes.com\/fr\/lagunes-gourmet\/\" \/>\n<meta property=\"og:locale\" content=\"fr_FR\" \/>\n<meta property=\"og:type\" content=\"article\" \/>\n<meta property=\"og:title\" content=\"Lagunes Gourmet: produits gourmet espagnols | Grupo Lagunes\" \/>\n<meta property=\"og:description\" content=\"Lagunes Gourmet est la marque avec laquelle tu trouveras une s\u00e9lection de produits gourmet espagnols \u00e9labor\u00e9s de mani\u00e8re artisanale.\" \/>\n<meta property=\"og:url\" content=\"https:\/\/www.grupolagunes.com\/fr\/lagunes-gourmet\/\" \/>\n<meta property=\"og:site_name\" content=\"Grupo Lagunes\" \/>\n<meta property=\"article:modified_time\" content=\"2017-07-24T11:51:40+00:00\" \/>\n<meta name=\"twitter:card\" content=\"summary\" \/>\n<script type=\"application\/ld+json\" class=\"yoast-schema-graph\">{\"@context\":\"https:\/\/schema.org\",\"@graph\":[{\"@type\":\"WebSite\",\"@id\":\"https:\/\/www.grupolagunes.com\/#website\",\"url\":\"https:\/\/www.grupolagunes.com\/\",\"name\":\"Grupo Lagunes\",\"description\":\"Grupo Lagunes. Cinco generaciones vinculadas a la naturaleza y dedicados a la selecci\\u00f3n gen\\u00e9tica de ciervo y producto gourmet.\",\"potentialAction\":[{\"@type\":\"SearchAction\",\"target\":\"https:\/\/www.grupolagunes.com\/?s={search_term_string}\",\"query-input\":\"required name=search_term_string\"}],\"inLanguage\":\"fr-FR\"},{\"@type\":\"WebPage\",\"@id\":\"https:\/\/www.grupolagunes.com\/fr\/lagunes-gourmet\/#webpage\",\"url\":\"https:\/\/www.grupolagunes.com\/fr\/lagunes-gourmet\/\",\"name\":\"Lagunes Gourmet: produits gourmet espagnols | Grupo Lagunes\",\"isPartOf\":{\"@id\":\"https:\/\/www.grupolagunes.com\/#website\"},\"datePublished\":\"2017-01-31T12:48:45+00:00\",\"dateModified\":\"2017-07-24T11:51:40+00:00\",\"description\":\"Lagunes Gourmet est la marque avec laquelle tu trouveras une s\\u00e9lection de produits gourmet espagnols \\u00e9labor\\u00e9s de mani\\u00e8re artisanale.\",\"breadcrumb\":{\"@id\":\"https:\/\/www.grupolagunes.com\/fr\/lagunes-gourmet\/#breadcrumb\"},\"inLanguage\":\"fr-FR\",\"potentialAction\":[{\"@type\":\"ReadAction\",\"target\":[\"https:\/\/www.grupolagunes.com\/fr\/lagunes-gourmet\/\"]}]},{\"@type\":\"BreadcrumbList\",\"@id\":\"https:\/\/www.grupolagunes.com\/fr\/lagunes-gourmet\/#breadcrumb\",\"itemListElement\":[{\"@type\":\"ListItem\",\"position\":1,\"item\":{\"@type\":\"WebPage\",\"@id\":\"https:\/\/www.grupolagunes.com\/fr\/\",\"url\":\"https:\/\/www.grupolagunes.com\/fr\/\",\"name\":\"Portada\"}},{\"@type\":\"ListItem\",\"position\":2,\"item\":{\"@type\":\"WebPage\",\"@id\":\"https:\/\/www.grupolagunes.com\/fr\/lagunes-gourmet\/\",\"url\":\"https:\/\/www.grupolagunes.com\/fr\/lagunes-gourmet\/\",\"name\":\"Gourmet\"}}]}]}<\/script>\n<!-- \/ Yoast SEO plugin. -->","_links":{"self":[{"href":"https:\/\/www.grupolagunes.com\/fr\/wp-json\/wp\/v2\/pages\/1565"}],"collection":[{"href":"https:\/\/www.grupolagunes.com\/fr\/wp-json\/wp\/v2\/pages"}],"about":[{"href":"https:\/\/www.grupolagunes.com\/fr\/wp-json\/wp\/v2\/types\/page"}],"author":[{"embeddable":true,"href":"https:\/\/www.grupolagunes.com\/fr\/wp-json\/wp\/v2\/users\/1"}],"replies":[{"embeddable":true,"href":"https:\/\/www.grupolagunes.com\/fr\/wp-json\/wp\/v2\/comments?post=1565"}],"version-history":[{"count":1,"href":"https:\/\/www.grupolagunes.com\/fr\/wp-json\/wp\/v2\/pages\/1565\/revisions"}],"predecessor-version":[{"id":1576,"href":"https:\/\/www.grupolagunes.com\/fr\/wp-json\/wp\/v2\/pages\/1565\/revisions\/1576"}],"wp:attachment":[{"href":"https:\/\/www.grupolagunes.com\/fr\/wp-json\/wp\/v2\/media?parent=1565"}],"curies":[{"name":"wp","href":"https:\/\/api.w.org\/{rel}","templated":true}]}}